{"id":2147,"date":"2020-03-28T16:32:45","date_gmt":"2020-03-28T16:32:45","guid":{"rendered":"https:\/\/stagin2.srvrud.nl\/?page_id=2147"},"modified":"2026-01-26T21:02:57","modified_gmt":"2026-01-26T20:02:57","slug":"miembros","status":"publish","type":"page","link":"https:\/\/merkabalight.com\/es\/miembros\/","title":{"rendered":"Miembros"},"content":{"rendered":"\t\t<div data-elementor-type=\"wp-page\" data-elementor-id=\"2147\" class=\"elementor elementor-2147\">\n\t\t\t\t<div class=\"elementor-element elementor-element-52e35637 e-flex e-con-boxed e-con e-parent\" data-id=\"52e35637\" data-element_type=\"container\" data-e-type=\"container\">\n\t\t\t\t\t<div class=\"e-con-inner\">\n\t\t<div class=\"elementor-element elementor-element-7ef5be83 e-con-full e-flex e-con e-child\" data-id=\"7ef5be83\" data-element_type=\"container\" data-e-type=\"container\" data-settings=\"{&quot;background_background&quot;:&quot;classic&quot;}\">\n\t\t<div class=\"elementor-element elementor-element-59ffbbf4 e-con-full e-flex e-con e-child\" data-id=\"59ffbbf4\" data-element_type=\"container\" data-e-type=\"container\">\n\t\t<div class=\"elementor-element elementor-element-50974846 e-con-full e-flex e-con e-child\" data-id=\"50974846\" data-element_type=\"container\" data-e-type=\"container\">\n\t\t\t\t<div class=\"elementor-element elementor-element-125f7ec8 elementor-widget__width-auto elementor-widget elementor-widget-image\" data-id=\"125f7ec8\" data-element_type=\"widget\" data-e-type=\"widget\" data-widget_type=\"image.default\">\n\t\t\t\t<div class=\"elementor-widget-container\">\n\t\t\t\t\t\t\t\t\t\t\t\t\t\t\t<img decoding=\"async\" width=\"150\" height=\"150\" src=\"https:\/\/merkabalight.com\/es\/wp-content\/uploads\/2020\/04\/ES-Johanna-Kleipool-Foto-with-BG-circle_200_tg-150x150.jpg\" class=\"attachment-thumbnail size-thumbnail wp-image-2364\" alt=\"\" srcset=\"https:\/\/merkabalight.com\/es\/wp-content\/uploads\/2020\/04\/ES-Johanna-Kleipool-Foto-with-BG-circle_200_tg-150x149.jpg 150w, https:\/\/merkabalight.com\/es\/wp-content\/uploads\/2020\/04\/ES-Johanna-Kleipool-Foto-with-BG-circle_200_tg-100x100.jpg 100w, https:\/\/merkabalight.com\/es\/wp-content\/uploads\/2020\/04\/ES-Johanna-Kleipool-Foto-with-BG-circle_200_tg-75x75.jpg 75w, https:\/\/merkabalight.com\/es\/wp-content\/uploads\/2020\/04\/ES-Johanna-Kleipool-Foto-with-BG-circle_200_tg.jpg 200w\" sizes=\"(max-width: 150px) 100vw, 150px\" \/>\t\t\t\t\t\t\t\t\t\t\t\t\t\t\t<\/div>\n\t\t\t\t<\/div>\n\t\t\t\t<div class=\"elementor-element elementor-element-cf73908 elementor-widget__width-auto elementor-widget elementor-widget-heading\" data-id=\"cf73908\" data-element_type=\"widget\" data-e-type=\"widget\" data-widget_type=\"heading.default\">\n\t\t\t\t<div class=\"elementor-widget-container\">\n\t\t\t\t\t<h2 class=\"elementor-heading-title elementor-size-default\">Login \/ logout<\/h2>\t\t\t\t<\/div>\n\t\t\t\t<\/div>\n\t\t\t\t<\/div>\n\t\t\t\t<\/div>\n\t\t\t\t<\/div>\n\t\t<div class=\"elementor-element elementor-element-50eec36d e-con-full e-flex e-con e-child\" data-id=\"50eec36d\" data-element_type=\"container\" data-e-type=\"container\" data-settings=\"{&quot;background_background&quot;:&quot;classic&quot;}\">\n\t\t\t\t<div class=\"elementor-element elementor-element-1d8d4b41 elementor-widget elementor-widget-heading\" data-id=\"1d8d4b41\" data-element_type=\"widget\" data-e-type=\"widget\" data-widget_type=\"heading.default\">\n\t\t\t\t<div class=\"elementor-widget-container\">\n\t\t\t\t\t<h2 class=\"elementor-heading-title elementor-size-default\">para poder ver los productos en video debes iniciar session<\/h2>\t\t\t\t<\/div>\n\t\t\t\t<\/div>\n\t\t\t\t<\/div>\n\t\t\t\t\t<\/div>\n\t\t\t\t<\/div>\n\t\t<div class=\"elementor-element elementor-element-ed95879 e-flex e-con-boxed e-con e-parent\" data-id=\"ed95879\" data-element_type=\"container\" data-e-type=\"container\">\n\t\t\t\t\t<div class=\"e-con-inner\">\n\t\t<div class=\"elementor-element elementor-element-ebb766a e-con-full e-flex e-con e-child\" data-id=\"ebb766a\" data-element_type=\"container\" data-e-type=\"container\">\n\t\t\t\t<div class=\"elementor-element elementor-element-d24d646 elementor-widget elementor-widget-text-editor\" data-id=\"d24d646\" data-element_type=\"widget\" data-e-type=\"widget\" data-widget_type=\"text-editor.default\">\n\t\t\t\t<div class=\"elementor-widget-container\">\n\t\t\t\t\t\t\t\t\t<p><strong>Bienvenido\/a a esta p\u00e1gina login.<\/strong><br \/>Puedes ver tus videos en este P\u00e1gina.<\/p>\n<p><!-- \/wp:paragraph --><!-- wp:paragraph --><\/p>\n<p>Si est\u00e1s desconectado, puedes reiniciar tu acceso a los videos utilizando tu Usuario y Contrase\u00f1a que has recibido en un e-mail de nosotros.<\/p>\n<p>Puedes iniciar tu accedo a los videos de OptimizarTuEnerg\u00eda aqu\u00ed utilizando los c\u00f3digos de acceso que recibiste de MerkabaLight por correo electr\u00f3nico.<\/p>\n<p><!-- \/wp:paragraph --><!-- wp:paragraph --><\/p>\t\t\t\t\t\t\t\t<\/div>\n\t\t\t\t<\/div>\n\t\t\t\t<div class=\"elementor-element elementor-element-26b7bb4 elementor-widget elementor-widget-shortcode\" data-id=\"26b7bb4\" data-element_type=\"widget\" data-e-type=\"widget\" data-widget_type=\"shortcode.default\">\n\t\t\t\t<div class=\"elementor-widget-container\">\n\t\t\t\t\t\t\t<div class=\"elementor-shortcode\">\u00a0<div class=\"WishListMember_LoginMergeCode\"><form action=\"https:\/\/merkabalight.com\/es\/wp-login.php\" method=\"post\" class=\"wlm_inpageloginform\">\n<input type=\"hidden\" name=\"wlm_redirect_to\" value=\"wishlistmember\" \/>\n<input type=\"hidden\" name=\"redirect_to\" value=\"wishlistmember\" \/>\n<div class=\"wlm3-form\">\n<div class=\"wlm3-form-group\"><label>Username or Email Address<\/label><input name=\"log\" class=\" wlm3-form-field fld\" id=\"wlm_form_field_log\" type=\"text\" value=\"\"><\/div>\n<div class=\"wlm3-form-group\"><label>Password<\/label><span class=\"wishlist-member-login-password\"><input name=\"pwd\" class=\" wlm3-form-field fld\" id=\"wlm_form_field_pwd\" type=\"password\" value=\"\"><a href=\"#\" class=\"dashicons dashicons-visibility\" aria-hidden=\"true\"><\/a><\/span><\/div>\n\n<div class=\"wlm3-form-group\"><label><input name=\"rememberme\" class=\" form-checkbox fld\" id=\"wlm_form_field_rememberme\" type=\"checkbox\"  value=\"forever\"> Remember Me<\/label><\/div>\n<p><input name=\"wp-submit\" class=\"\" id=\"wlm_form_field_wp-submit\" type=\"submit\" value=\"Login\"><\/p>\n\n<p>\n<a href=\"https:\/\/merkabalight.com\/es\/wp-login.php?action=lostpassword\">Lost your Password?<\/a>\n<\/p>\n<\/div>\n<\/form><\/div><\/div>\n\t\t\t\t\t\t<\/div>\n\t\t\t\t<\/div>\n\t\t\t\t<\/div>\n\t\t<div class=\"elementor-element elementor-element-0898b4e e-con-full e-flex e-con e-child\" data-id=\"0898b4e\" data-element_type=\"container\" data-e-type=\"container\">\n\t\t\t\t<div class=\"elementor-element elementor-element-24b6c0e elementor-widget elementor-widget-heading\" data-id=\"24b6c0e\" data-element_type=\"widget\" data-e-type=\"widget\" data-widget_type=\"heading.default\">\n\t\t\t\t<div class=\"elementor-widget-container\">\n\t\t\t\t\t<h2 class=\"elementor-heading-title elementor-size-default\">Formulario de Contacto<\/h2>\t\t\t\t<\/div>\n\t\t\t\t<\/div>\n\t\t\t\t<div class=\"elementor-element elementor-element-5ff5aba elementor-widget elementor-widget-text-editor\" data-id=\"5ff5aba\" data-element_type=\"widget\" data-e-type=\"widget\" data-widget_type=\"text-editor.default\">\n\t\t\t\t<div class=\"elementor-widget-container\">\n\t\t\t\t\t\t\t\t\t<!-- wp:heading {\"level\":3} --><!-- \/wp:heading --><!-- wp:paragraph -->\n<div class=\"wp-block-contact-form-7-contact-form-selector\">\n<div class=\"wpcf7 no-js\" id=\"wpcf7-f795-o1\" lang=\"en\" dir=\"ltr\" data-wpcf7-id=\"795\">\n<div class=\"screen-reader-response\"><p role=\"status\" aria-live=\"polite\" aria-atomic=\"true\"><\/p> <ul><\/ul><\/div>\n<form action=\"\/es\/wp-json\/wp\/v2\/pages\/2147#wpcf7-f795-o1\" method=\"post\" class=\"wpcf7-form init\" aria-label=\"Formulario de contacto\" novalidate=\"novalidate\" data-status=\"init\">\n<fieldset class=\"hidden-fields-container\"><input type=\"hidden\" name=\"_wpcf7\" value=\"795\" \/><input type=\"hidden\" name=\"_wpcf7_version\" value=\"6.1.5\" \/><input type=\"hidden\" name=\"_wpcf7_locale\" value=\"en\" \/><input type=\"hidden\" name=\"_wpcf7_unit_tag\" value=\"wpcf7-f795-o1\" \/><input type=\"hidden\" name=\"_wpcf7_container_post\" value=\"0\" \/><input type=\"hidden\" name=\"_wpcf7_posted_data_hash\" value=\"\" \/>\n<\/fieldset>\n<p><label> Tu nombre:<br \/>\n<span class=\"wpcf7-form-control-wrap\" data-name=\"your-name\"><input size=\"40\" maxlength=\"400\" class=\"wpcf7-form-control wpcf7-text wpcf7-validates-as-required\" aria-required=\"true\" aria-invalid=\"false\" value=\"\" type=\"text\" name=\"your-name\" \/><\/span> <\/label>\n<\/p>\n<p><label> Tu Email:<br \/>\n<span class=\"wpcf7-form-control-wrap\" data-name=\"your-email\"><input size=\"40\" maxlength=\"400\" class=\"wpcf7-form-control wpcf7-email wpcf7-validates-as-required wpcf7-text wpcf7-validates-as-email\" aria-required=\"true\" aria-invalid=\"false\" value=\"\" type=\"email\" name=\"your-email\" \/><\/span> <\/label>\n<\/p>\n<p><label> Pa\u00eds y Ciudad:<br \/>\n<span class=\"wpcf7-form-control-wrap\" data-name=\"your-country-city\"><input size=\"40\" maxlength=\"400\" class=\"wpcf7-form-control wpcf7-text\" aria-invalid=\"false\" placeholder=\"ES \/ Madrid\" value=\"\" type=\"text\" name=\"your-country-city\" \/><\/span> <\/label>\n<\/p>\n<p><label> M\u00f3vil:<br \/>\n<span class=\"wpcf7-form-control-wrap\" data-name=\"tel-279\"><input size=\"40\" maxlength=\"400\" class=\"wpcf7-form-control wpcf7-tel wpcf7-text wpcf7-validates-as-tel\" aria-invalid=\"false\" value=\"\" type=\"tel\" name=\"tel-279\" \/><\/span> <\/label>\n<\/p>\n<p><label> Tema:<br \/>\n<span class=\"wpcf7-form-control-wrap\" data-name=\"your-subject\"><input size=\"40\" maxlength=\"400\" class=\"wpcf7-form-control wpcf7-text\" aria-invalid=\"false\" value=\"\" type=\"text\" name=\"your-subject\" \/><\/span> <\/label>\n<\/p>\n<p><label> Tu mensaje:<br \/>\n<span class=\"wpcf7-form-control-wrap\" data-name=\"your-message\"><textarea cols=\"40\" rows=\"10\" maxlength=\"2000\" class=\"wpcf7-form-control wpcf7-textarea\" aria-invalid=\"false\" name=\"your-message\"><\/textarea><\/span> <\/label>\n<\/p>\n<p><input class=\"wpcf7-form-control wpcf7-submit has-spinner\" type=\"submit\" value=\"Enviar\" \/>\n<\/p><div class=\"wpcf7-response-output\" aria-hidden=\"true\"><\/div>\n<\/form>\n<\/div>\n<\/div>\n<!-- \/wp:contact-form-7\/contact-form-selector -->\t\t\t\t\t\t\t\t<\/div>\n\t\t\t\t<\/div>\n\t\t\t\t<\/div>\n\t\t\t\t\t<\/div>\n\t\t\t\t<\/div>\n\t\t<div class=\"elementor-element elementor-element-310701b e-flex e-con-boxed e-con e-parent\" data-id=\"310701b\" data-element_type=\"container\" data-e-type=\"container\">\n\t\t\t\t\t<div class=\"e-con-inner\">\n\t\t<div class=\"elementor-element elementor-element-23df204 e-con-full e-flex e-con e-child\" data-id=\"23df204\" data-element_type=\"container\" data-e-type=\"container\">\n\t\t\t\t<div class=\"elementor-element elementor-element-0a5729b elementor-widget elementor-widget-heading\" data-id=\"0a5729b\" data-element_type=\"widget\" data-e-type=\"widget\" data-widget_type=\"heading.default\">\n\t\t\t\t<div class=\"elementor-widget-container\">\n\t\t\t\t\t<h2 class=\"elementor-heading-title elementor-size-default\">Si a\u00fan no has pedido nada, puedes hacerlo a continuaci\u00f3n<\/h2>\t\t\t\t<\/div>\n\t\t\t\t<\/div>\n\t\t\t\t<div class=\"elementor-element elementor-element-7173008 elementor-widget elementor-widget-woo-products-widgets-products\" data-id=\"7173008\" data-element_type=\"widget\" data-e-type=\"widget\" data-widget_type=\"woo-products-widgets-products.default\">\n\t\t\t\t<div class=\"elementor-widget-container\">\n\t\t\t\t\t<div class=\"elementor-woo-products-widgets-products woo-products-widgets\">\n<div class=\"woo-products-products woo-products-products--preset-1 col-row \"><div class=\"woo-products-products__item col-desk-3\">\n\t<div class=\"woo-products-products__inner-box\">\n<div class=\"woo-products-product-thumbnail\">\n\t<a href=\"https:\/\/merkabalight.com\/es\/product\/optimizar-tu-energia-todos-los-videos\/\" rel=\"bookmark\"><img fetchpriority=\"high\" decoding=\"async\" width=\"300\" height=\"300\" src=\"https:\/\/merkabalight.com\/es\/wp-content\/uploads\/2018\/03\/Webshop-MYE-ES-Dias-Dorados-2025-1-300x300.jpg\" class=\"attachment-woocommerce_thumbnail size-woocommerce_thumbnail\" alt=\"\" srcset=\"https:\/\/merkabalight.com\/es\/wp-content\/uploads\/2018\/03\/Webshop-MYE-ES-Dias-Dorados-2025-1-300x300.jpg 300w, https:\/\/merkabalight.com\/es\/wp-content\/uploads\/2018\/03\/Webshop-MYE-ES-Dias-Dorados-2025-1-150x150.jpg 150w, https:\/\/merkabalight.com\/es\/wp-content\/uploads\/2018\/03\/Webshop-MYE-ES-Dias-Dorados-2025-1-768x768.jpg 768w, https:\/\/merkabalight.com\/es\/wp-content\/uploads\/2018\/03\/Webshop-MYE-ES-Dias-Dorados-2025-1-600x600.jpg 600w, https:\/\/merkabalight.com\/es\/wp-content\/uploads\/2018\/03\/Webshop-MYE-ES-Dias-Dorados-2025-1-75x75.jpg 75w, https:\/\/merkabalight.com\/es\/wp-content\/uploads\/2018\/03\/Webshop-MYE-ES-Dias-Dorados-2025-1-100x100.jpg 100w, https:\/\/merkabalight.com\/es\/wp-content\/uploads\/2018\/03\/Webshop-MYE-ES-Dias-Dorados-2025-1.jpg 1000w\" sizes=\"(max-width: 300px) 100vw, 300px\" \/><\/a>\n\t<div class=\"woo-products-product-img-overlay\"><\/div><div class=\"woo-products-product-badges\"><div class=\"woo-products-product-badge woo-products-product-badge__sale\">Sale!<\/div><\/div><\/div>\n<div class=\"woo-products-product-title\"><a href=\"https:\/\/merkabalight.com\/es\/product\/optimizar-tu-energia-todos-los-videos\/\" rel=\"bookmark\">OptimizarTuEnerg\u00eda &#8211; todos los videos (3 meses)<\/a><\/div>\n\n<div class=\"woo-products-product-price\"><del aria-hidden=\"true\"><span class=\"woocommerce-Price-amount amount\"><span class=\"woocommerce-Price-currencySymbol\">&euro;<\/span>&nbsp;252<\/span><\/del> <span class=\"screen-reader-text\">El precio original era: &euro;&nbsp;252.<\/span><ins aria-hidden=\"true\"><span class=\"woocommerce-Price-amount amount\"><span class=\"woocommerce-Price-currencySymbol\">&euro;<\/span>&nbsp;126<\/span><\/ins><span class=\"screen-reader-text\">El precio actual es: &euro;&nbsp;126.<\/span> <small class=\"woocommerce-price-suffix\">Incluido IVA<\/small><\/div>\n<div class=\"woo-products-product-button\"><a href=\"\/es\/wp-json\/wp\/v2\/pages\/2147?add-to-cart=1747\"  data-quantity=\"1\" class=\"button product_type_simple add_to_cart_button ajax_add_to_cart\" data-product_id=\"1747\" data-product_sku=\"wlm1533040770\" aria-label=\"A\u00f1adir al carrito: &ldquo;OptimizarTuEnerg\u00eda - todos los videos (3 meses)&rdquo;\" rel=\"nofollow\">A\u00f1adir al carrito<\/a><\/div><\/div>\n<\/div><div class=\"woo-products-products__item col-desk-3\">\n\t<div class=\"woo-products-products__inner-box\">\n<div class=\"woo-products-product-thumbnail\">\n\t<a href=\"https:\/\/merkabalight.com\/es\/product\/wlm-esencia-optimizar-tu-energia\/\" rel=\"bookmark\"><img decoding=\"async\" width=\"300\" height=\"300\" src=\"https:\/\/merkabalight.com\/es\/wp-content\/uploads\/2021\/06\/Webshop-Essence-ES-300x300.jpg\" class=\"attachment-woocommerce_thumbnail size-woocommerce_thumbnail\" alt=\"\" srcset=\"https:\/\/merkabalight.com\/es\/wp-content\/uploads\/2021\/06\/Webshop-Essence-ES-300x300.jpg 300w, https:\/\/merkabalight.com\/es\/wp-content\/uploads\/2021\/06\/Webshop-Essence-ES-150x150.jpg 150w, https:\/\/merkabalight.com\/es\/wp-content\/uploads\/2021\/06\/Webshop-Essence-ES-768x768.jpg 768w, https:\/\/merkabalight.com\/es\/wp-content\/uploads\/2021\/06\/Webshop-Essence-ES-75x75.jpg 75w, https:\/\/merkabalight.com\/es\/wp-content\/uploads\/2021\/06\/Webshop-Essence-ES-100x100.jpg 100w, https:\/\/merkabalight.com\/es\/wp-content\/uploads\/2021\/06\/Webshop-Essence-ES.jpg 1000w\" sizes=\"(max-width: 300px) 100vw, 300px\" \/><\/a>\n\t<div class=\"woo-products-product-img-overlay\"><\/div><\/div>\n<div class=\"woo-products-product-title\"><a href=\"https:\/\/merkabalight.com\/es\/product\/wlm-esencia-optimizar-tu-energia\/\" rel=\"bookmark\">OptimizarTuEnerg\u00eda &#8211; Esencia (3 meses)<\/a><\/div>\n\n<div class=\"woo-products-product-price\"><span class=\"woocommerce-Price-amount amount\"><span class=\"woocommerce-Price-currencySymbol\">&euro;<\/span>&nbsp;153<\/span> <small class=\"woocommerce-price-suffix\">Incluido IVA<\/small><\/div>\n<div class=\"woo-products-product-button\"><a href=\"\/es\/wp-json\/wp\/v2\/pages\/2147?add-to-cart=3665\"  data-quantity=\"1\" class=\"button product_type_simple add_to_cart_button ajax_add_to_cart\" data-product_id=\"3665\" data-product_sku=\"wlm1625219660\" aria-label=\"A\u00f1adir al carrito: &ldquo;OptimizarTuEnerg\u00eda - Esencia (3 meses)&rdquo;\" rel=\"nofollow\">A\u00f1adir al carrito<\/a><\/div><\/div>\n<\/div><div class=\"woo-products-products__item col-desk-3\">\n\t<div class=\"woo-products-products__inner-box\">\n<div class=\"woo-products-product-thumbnail\">\n\t<a href=\"https:\/\/merkabalight.com\/es\/product\/wlm-vip-ote-todos-los-videos-4meses\/\" rel=\"bookmark\"><img loading=\"lazy\" decoding=\"async\" width=\"300\" height=\"300\" src=\"https:\/\/merkabalight.com\/es\/wp-content\/uploads\/2021\/04\/20210407-webshop-VIP_s-300x300.jpg\" class=\"attachment-woocommerce_thumbnail size-woocommerce_thumbnail\" alt=\"\" srcset=\"https:\/\/merkabalight.com\/es\/wp-content\/uploads\/2021\/04\/20210407-webshop-VIP_s-300x300.jpg 300w, https:\/\/merkabalight.com\/es\/wp-content\/uploads\/2021\/04\/20210407-webshop-VIP_s-150x150.jpg 150w, https:\/\/merkabalight.com\/es\/wp-content\/uploads\/2021\/04\/20210407-webshop-VIP_s-768x768.jpg 768w, https:\/\/merkabalight.com\/es\/wp-content\/uploads\/2021\/04\/20210407-webshop-VIP_s-75x75.jpg 75w, https:\/\/merkabalight.com\/es\/wp-content\/uploads\/2021\/04\/20210407-webshop-VIP_s-100x100.jpg 100w, https:\/\/merkabalight.com\/es\/wp-content\/uploads\/2021\/04\/20210407-webshop-VIP_s-730x730.jpg 730w, https:\/\/merkabalight.com\/es\/wp-content\/uploads\/2021\/04\/20210407-webshop-VIP_s-365x365.jpg 365w, https:\/\/merkabalight.com\/es\/wp-content\/uploads\/2021\/04\/20210407-webshop-VIP_s.jpg 999w\" sizes=\"(max-width: 300px) 100vw, 300px\" \/><\/a>\n\t<div class=\"woo-products-product-img-overlay\"><\/div><\/div>\n<div class=\"woo-products-product-title\"><a href=\"https:\/\/merkabalight.com\/es\/product\/wlm-vip-ote-todos-los-videos-4meses\/\" rel=\"bookmark\">VIP-supervisi\u00f3n OTE + todos los videos (4 meses)<\/a><\/div>\n\n<div class=\"woo-products-product-price\"><span class=\"woocommerce-Price-amount amount\"><span class=\"woocommerce-Price-currencySymbol\">&euro;<\/span>&nbsp;999<\/span> <small class=\"woocommerce-price-suffix\">Incluido IVA<\/small><\/div>\n<div class=\"woo-products-product-button\"><a href=\"\/es\/wp-json\/wp\/v2\/pages\/2147?add-to-cart=3411\"  data-quantity=\"1\" class=\"button product_type_simple add_to_cart_button ajax_add_to_cart\" data-product_id=\"3411\" data-product_sku=\"wlm1617787683\" aria-label=\"A\u00f1adir al carrito: &ldquo;VIP-supervisi\u00f3n OTE + todos los videos (4 meses)&rdquo;\" rel=\"nofollow\">A\u00f1adir al carrito<\/a><\/div><\/div>\n<\/div><\/div>\n<\/div>\t\t\t\t<\/div>\n\t\t\t\t<\/div>\n\t\t\t\t<\/div>\n\t\t\t\t\t<\/div>\n\t\t\t\t<\/div>\n\t\t\t\t<\/div>\n\t\t","protected":false},"excerpt":{"rendered":"<p>Login \/ logout para poder ver los productos en video debes iniciar session Bienvenido\/a a esta p\u00e1gina login.Puedes ver tus videos en este P\u00e1gina. Si est\u00e1s desconectado, puedes reiniciar tu acceso a los videos utilizando tu Usuario y Contrase\u00f1a que has recibido en un e-mail de nosotros. Puedes iniciar tu accedo a los videos de [&hellip;]<\/p>\n","protected":false},"author":1,"featured_media":0,"parent":0,"menu_order":0,"comment_status":"closed","ping_status":"closed","template":"","meta":{"footnotes":""},"class_list":["post-2147","page","type-page","status-publish","hentry","entry","has-media","owp-thumbs-layout-horizontal","owp-btn-normal","owp-tabs-layout-horizontal","has-no-thumbnails","has-product-nav"],"_links":{"self":[{"href":"https:\/\/merkabalight.com\/es\/wp-json\/wp\/v2\/pages\/2147","targetHints":{"allow":["GET"]}}],"collection":[{"href":"https:\/\/merkabalight.com\/es\/wp-json\/wp\/v2\/pages"}],"about":[{"href":"https:\/\/merkabalight.com\/es\/wp-json\/wp\/v2\/types\/page"}],"author":[{"embeddable":true,"href":"https:\/\/merkabalight.com\/es\/wp-json\/wp\/v2\/users\/1"}],"replies":[{"embeddable":true,"href":"https:\/\/merkabalight.com\/es\/wp-json\/wp\/v2\/comments?post=2147"}],"version-history":[{"count":0,"href":"https:\/\/merkabalight.com\/es\/wp-json\/wp\/v2\/pages\/2147\/revisions"}],"wp:attachment":[{"href":"https:\/\/merkabalight.com\/es\/wp-json\/wp\/v2\/media?parent=2147"}],"curies":[{"name":"wp","href":"https:\/\/api.w.org\/{rel}","templated":true}]}}