{"id":2661,"date":"2020-11-02T11:17:29","date_gmt":"2020-11-02T11:17:29","guid":{"rendered":"https:\/\/merkabalight.com\/es\/?page_id=2661"},"modified":"2021-02-17T13:04:00","modified_gmt":"2021-02-17T13:04:00","slug":"gdpr","status":"publish","type":"page","link":"https:\/\/merkabalight.com\/es\/gdpr\/","title":{"rendered":"Tu privacidad de acuerdo con la ley RGPD"},"content":{"rendered":"\n<p><\/p>\n\n\n\n<h2 class=\"kt-adv-heading_f190d8-e6 wp-block-kadence-advancedheading\" data-kb-block=\"kb-adv-heading_f190d8-e6\">Tu privacidad de acuerdo con la ley RGPD<\/h2>\n\n\n\n<h4 class=\"kt-adv-heading_ff98c5-6a wp-block-kadence-advancedheading\" data-kb-block=\"kb-adv-heading_ff98c5-6a\">Reglamento General de Protecci\u00f3n de Datos (RGPD)<\/h4>\n\n\n\n<hr class=\"wp-block-separator\"\/>\n\n\n\n<p><strong>A partir del 25 de mayo de 2018, se aplica el Reglamento general de protecci\u00f3n de datos (RGPD). Esto significa que a partir de esa fecha se aplica la misma legislaci\u00f3n de privacidad en toda la Uni\u00f3n Europea (UE).<\/strong><\/p>\n\n\n\n<p><strong>Para el buen funcionamiento de varias actividades, como se describe a continuaci\u00f3n, es necesario que yo, Johanna Kleipool, cree un archivo en nombre de MerkabaLight.<br>Esto es un requisito legal.<\/strong> <strong>MerkabaLight * (ML) es responsable del procesamiento de datos personales como se muestra en esta declaraci\u00f3n de privacidad.<\/strong><\/p>\n\n\n\n<p><strong>Las leyes del pa\u00eds de residencia del consumidor son siempre v\u00e1lidas.<\/strong><\/p>\n\n\n\n<hr class=\"wp-block-separator\"\/>\n\n\n\n<p><strong>Art\u00edculo 1: * Datos de contacto<\/strong><br><br>https:\/\/www.merkabalight.com<br>Salesianenstraat 373<br>5042DT Tilburg, Pa\u00edses Bajos<br>Tel: + 31-640 554 921<\/p>\n\n\n\n<hr class=\"wp-block-separator\"\/>\n\n\n\n<p><strong>Art\u00edculo 2: A continuaci\u00f3n encontrar\u00e1s una descripci\u00f3n general de los datos personales que procesa MerkabaLight<\/strong><br><br>\u25cf  Nombre y apellido<br>\u25cf Ciudad y pa\u00eds<br>\u25cf N\u00famero de tel\u00e9fono<br>\u25cf Direcci\u00f3n de correo electr\u00f3nico<br>\u25cf Informaci\u00f3n sobre tus actividades en nuestro sitio web, como solicitar acceso a la serie de videos Optimizar tu Energ\u00eda.<br>\u25cf N\u00famero de cuenta bancaria<\/p>\n\n\n\n<hr class=\"wp-block-separator\"\/>\n\n\n\n<p><strong>Art\u00edculo 3: Esto significa, entre otras cosas, que MerkabaLight<\/strong><br><br>\u25cf maneja tus datos con cuidado,<br>\u25cf asegura que personas no autorizadas no tengan acceso a tus datos.<\/p>\n\n\n\n<hr class=\"wp-block-separator\"\/>\n\n\n\n<p><strong>Art\u00edculo 4: Con qu\u00e9 finalidad y sobre qu\u00e9 base procesamos los datos personales<\/strong><br><br>MerkabaLight procesa tus datos personales para los siguientes prop\u00f3sitos:<br>\u25cf Registrarte en un taller y \/ o<br>\u25cf Registrarte para recibir el bolet\u00edn y \/ o<br>\u25cf Ofrecerte la oportunidad de enviarme un mensaje a trav\u00e9s de un formulario en mi sitio web y \/ o<br>\u25cf Para acceder a los videos de la serie de videos Optimizar tu Energ\u00eda, y \/ o<br>\u25cf Para llevar a cabo una sesi\u00f3n personal de consejos o de sanaci\u00f3n, y \/ o<br>\u25cf Para poder contactarte por tel\u00e9fono o v\u00eda Whatsapp, y \/ o<br>\u25cf Para enviarte una factura (IVA).<br>Procesamos estos datos porque has dado permiso para ello o porque es necesario para la ejecuci\u00f3n del acuerdo.<\/p>\n\n\n\n<hr class=\"wp-block-separator\"\/>\n\n\n\n<p><strong>Art\u00edculo 5: Derecho de Revocaci\u00f3n \/ Disoluci\u00f3n<\/strong><br><br>Al entregar contenido digital que no se proporciona en un medio tangible, el consumidor NO tiene derecho a Revocaci\u00f3n \/ Disoluci\u00f3n. <br>Antes del cumplimiento, el consumidor renuncia expl\u00edcitamente a su derecho de disoluci\u00f3n.<\/p>\n\n\n\n<hr class=\"wp-block-separator\"\/>\n\n\n\n<p><strong>Art\u00edculo 6: MerkabaLight ha tomado las siguientes medidas para proteger tus datos personales<\/strong><br><br>\u25cf Software de seguridad, como un antivirus y un firewall.<br>\u25cf Conexi\u00f3n a internet.<br>Puedes ver esto en la barra de direcciones &#8216;https&#8217; y el candado en la barra de direcciones.<br>\u25cf SPF y DMARC son dos est\u00e1ndares de Internet que utilizamos para evitar que recibes correos electr\u00f3nicos en nuestro nombre que contengan virus, sean spam o est\u00e9n destinados a obtener datos personales (de inicio de sesi\u00f3n).<br>\u25cf DNSSEC es una seguridad adicional (adem\u00e1s de DNS) para convertir un nombre de dominio (# merkabalight.com) a la direcci\u00f3n IP asociada (nombre del servidor); est\u00e1 provisto de una firma digital.<br>Puedes hacer que se verifique esa firma autom\u00e1ticamente.<br>De esta forma evitamos que seas redirigido a una direcci\u00f3n IP falsa.<br>MerkabaLight se toma muy en serio la protecci\u00f3n de tus datos y toma las medidas adecuadas para evitar el mal uso, la p\u00e9rdida, el acceso no autorizado, la divulgaci\u00f3n no deseada y los cambios no autorizados. Si crees que tus datos no est\u00e1n protegidos adecuadamente o hay indicios de abuso, comun\u00edquete con: johanna@merkabalight.com<br>Nadie fuera de m\u00ed tiene acceso a tus datos. Nunca he confiado tus datos personales a terceros y no lo har\u00e9 en el futuro.<\/p>\n\n\n\n<hr class=\"wp-block-separator\"\/>\n\n\n\n<p><strong>Art\u00edculo 7: Cu\u00e1nto tiempo conservamos los datos personales<\/strong><br><br>MerkabaLight no almacena tus datos personales m\u00e1s tiempo del estrictamente necesario para lograr los fines para los que se recopilan tus datos. Usamos los siguientes per\u00edodos de retenci\u00f3n para las siguientes categor\u00edas de datos personales:<br>\u25cf Datos de la transacci\u00f3n: 7 a\u00f1os.<br>\u25cf Bolet\u00edn: siempre que est\u00e9s suscrito al bolet\u00edn (newsletter).<br>\u25cf Servicios: hasta 5 a\u00f1os despu\u00e9s de la terminaci\u00f3n de los servicios.<\/p>\n\n\n\n<hr class=\"wp-block-separator\"\/>\n\n\n\n<p><strong>Art\u00edculo 8: intercambio de datos personales con terceros<\/strong><br><br>En principio, MerkabaLight no proporciona datos personales a terceros.<br>Si esto ser\u00eda necesario para la ejecuci\u00f3n de nuestro acuerdo, ML primero se comunicar\u00e1 contigo para solicitar tu permiso y cumplir con la obligaci\u00f3n legal.<\/p>\n\n\n\n<hr class=\"wp-block-separator\"\/>\n\n\n\n<p><strong>Art\u00edculo 9: Cookies o t\u00e9cnicas comparables que utilizamos<\/strong><br><br>MerkabaLight utiliza cookies funcionales, pero no cookies anal\u00edticas o de marketing ni t\u00e9cnicas comparables.<\/p>\n\n\n\n<hr class=\"wp-block-separator\"\/>\n\n\n\n<p><strong>Art\u00edculo 10: Tus derechos<\/strong><br><br>Puedes enviar una solicitud de acceso, correcci\u00f3n, eliminaci\u00f3n, transferencia de tus datos personales o solicitud de cancelaci\u00f3n de tu consentimiento u objeci\u00f3n al procesamiento de tus datos personales a: johanna@merkabalight.com. <br>Para asegurarse de que es tu quien ha realizado la solicitud de acceso, te pedimos que env\u00edes una copia de tu identificaci\u00f3n con la solicitud.<br>Esto es para proteger su privacidad. Responderemos a su solicitud lo antes posible, pero ciertamente dentro de cuatro semanas.<\/p>\n\n\n\n<hr class=\"wp-block-separator\"\/>\n\n\n\n<div class=\"wp-block-image\"><figure class=\"aligncenter size-large is-resized\"><a href=\"https:\/\/merkabalight.com\/es\/wp-content\/uploads\/2020\/03\/20200328-ML-weblogo-ES-optimizar_600_tg.jpg\"><img decoding=\"async\" src=\"https:\/\/merkabalight.com\/es\/wp-content\/uploads\/2020\/03\/20200328-ML-weblogo-ES-optimizar_600_tg.jpg\" alt=\"\" class=\"wp-image-2145\" width=\"222\" height=\"83\"\/><\/a><\/figure><\/div>\n","protected":false},"excerpt":{"rendered":"<p>A partir del 25 de mayo de 2018, se aplica el Reglamento general de protecci\u00f3n de datos (RGPD). Esto significa que a partir de esa fecha se aplica la misma legislaci\u00f3n de privacidad en toda la Uni\u00f3n Europea (UE). Para el buen funcionamiento de varias actividades, como se describe a continuaci\u00f3n, es necesario que yo, [&hellip;]<\/p>\n","protected":false},"author":1,"featured_media":0,"parent":0,"menu_order":0,"comment_status":"closed","ping_status":"closed","template":"","meta":{"footnotes":""},"class_list":["post-2661","page","type-page","status-publish","hentry","entry","owp-thumbs-layout-horizontal","owp-btn-normal","owp-tabs-layout-horizontal","has-no-thumbnails","has-product-nav"],"_links":{"self":[{"href":"https:\/\/merkabalight.com\/es\/wp-json\/wp\/v2\/pages\/2661","targetHints":{"allow":["GET"]}}],"collection":[{"href":"https:\/\/merkabalight.com\/es\/wp-json\/wp\/v2\/pages"}],"about":[{"href":"https:\/\/merkabalight.com\/es\/wp-json\/wp\/v2\/types\/page"}],"author":[{"embeddable":true,"href":"https:\/\/merkabalight.com\/es\/wp-json\/wp\/v2\/users\/1"}],"replies":[{"embeddable":true,"href":"https:\/\/merkabalight.com\/es\/wp-json\/wp\/v2\/comments?post=2661"}],"version-history":[{"count":0,"href":"https:\/\/merkabalight.com\/es\/wp-json\/wp\/v2\/pages\/2661\/revisions"}],"wp:attachment":[{"href":"https:\/\/merkabalight.com\/es\/wp-json\/wp\/v2\/media?parent=2661"}],"curies":[{"name":"wp","href":"https:\/\/api.w.org\/{rel}","templated":true}]}}