{"id":951,"date":"2018-03-06T10:40:40","date_gmt":"2018-03-06T10:40:40","guid":{"rendered":"https:\/\/stagin2.srvrud.nl\/confirm-subscription\/"},"modified":"2021-07-29T11:16:17","modified_gmt":"2021-07-29T11:16:17","slug":"confirm-subscription","status":"publish","type":"page","link":"https:\/\/merkabalight.com\/es\/confirm-subscription\/","title":{"rendered":"Confirmaci\u00f3n Subscripti\u00f3n novedades"},"content":{"rendered":"<h4>\u00a1Muchas gracias por tu inscripci\u00f3n a mi carta de novedades!<\/h4>\n<h4>\u00a1Hola !<\/h4>\n<p><img decoding=\"async\" class=\" wp-image-1175 alignleft\" src=\"https:\/\/merkabalight.com\/es\/wp-content\/uploads\/2018\/03\/NEWSLETTER-MErkabaLight-20180319-e1521452707272-300x294.png\" alt=\"\" width=\"185\" height=\"182\" srcset=\"https:\/\/merkabalight.com\/es\/wp-content\/uploads\/2018\/03\/NEWSLETTER-MErkabaLight-20180319-e1521452707272-300x294.png 300w, https:\/\/merkabalight.com\/es\/wp-content\/uploads\/2018\/03\/NEWSLETTER-MErkabaLight-20180319-e1521452707272-768x752.png 768w, https:\/\/merkabalight.com\/es\/wp-content\/uploads\/2018\/03\/NEWSLETTER-MErkabaLight-20180319-e1521452707272-75x75.png 75w, https:\/\/merkabalight.com\/es\/wp-content\/uploads\/2018\/03\/NEWSLETTER-MErkabaLight-20180319-e1521452707272.png 780w\" sizes=\"(max-width: 185px) 100vw, 185px\" \/><\/p>\n<p>Solo te enviar\u00e9 un bolet\u00edn si tengo algo nuevo que informar.<\/p>\n<p>Si deseas que se explico algo especial en mis boletines,<br \/>\npuedes indicarlo a trav\u00e9s del <a href=\"https:\/\/www.merkabalight.com\/es\/contacto\">formulario de contacto<\/a>.<\/p>\n<p>Es muy \u00fatil para los visitantes futuros si pueden leer tu <a href=\"https:\/\/www.merkabalight.com\/es\/testimonio\">testimonio<\/a>.<\/p>\n<p>Un saludo desde mi coraz\u00f3n,<\/p>\n<p><img decoding=\"async\" class=\"alignnone wp-image-2920 \" src=\"https:\/\/merkabalight.com\/es\/wp-content\/uploads\/2020\/11\/20201130-Johanna-signature-blue_s.jpg\" alt=\"\" width=\"148\" height=\"65\" \/><\/p>\n<p>PD:<\/p>\n<ul>\n<li>Puedes cancelar la suscripci\u00f3n en cualquier momento haciendo clic en cancelar<br \/>\nla suscripci\u00f3n abajo del pie del bolet\u00edn.<\/li>\n<li>Consulte tambi\u00e9n \u00abTus datos\u00bb (AVG) para leer sobre nuestro cuidado con tus datos.<\/li>\n<\/ul>\n","protected":false},"excerpt":{"rendered":"<p>\u00a1Muchas gracias por tu inscripci\u00f3n a mi carta de novedades! \u00a1Hola ! Solo te enviar\u00e9 un bolet\u00edn si tengo algo nuevo que informar. Si deseas que se explico algo especial en mis boletines, puedes indicarlo a trav\u00e9s del formulario de contacto. Es muy \u00fatil para los visitantes futuros si pueden leer tu testimonio. Un saludo [&hellip;]<\/p>\n","protected":false},"author":1,"featured_media":0,"parent":0,"menu_order":0,"comment_status":"closed","ping_status":"closed","template":"","meta":{"footnotes":""},"class_list":["post-951","page","type-page","status-publish","hentry","entry","owp-thumbs-layout-horizontal","owp-btn-normal","owp-tabs-layout-horizontal","has-no-thumbnails","has-product-nav"],"_links":{"self":[{"href":"https:\/\/merkabalight.com\/es\/wp-json\/wp\/v2\/pages\/951","targetHints":{"allow":["GET"]}}],"collection":[{"href":"https:\/\/merkabalight.com\/es\/wp-json\/wp\/v2\/pages"}],"about":[{"href":"https:\/\/merkabalight.com\/es\/wp-json\/wp\/v2\/types\/page"}],"author":[{"embeddable":true,"href":"https:\/\/merkabalight.com\/es\/wp-json\/wp\/v2\/users\/1"}],"replies":[{"embeddable":true,"href":"https:\/\/merkabalight.com\/es\/wp-json\/wp\/v2\/comments?post=951"}],"version-history":[{"count":0,"href":"https:\/\/merkabalight.com\/es\/wp-json\/wp\/v2\/pages\/951\/revisions"}],"wp:attachment":[{"href":"https:\/\/merkabalight.com\/es\/wp-json\/wp\/v2\/media?parent=951"}],"curies":[{"name":"wp","href":"https:\/\/api.w.org\/{rel}","templated":true}]}}