{"id":959,"date":"2018-03-06T11:09:47","date_gmt":"2018-03-06T11:09:47","guid":{"rendered":"https:\/\/stagin2.srvrud.nl\/?page_id=959"},"modified":"2026-03-19T12:45:37","modified_gmt":"2026-03-19T11:45:37","slug":"video-proyecto-merkaba","status":"publish","type":"page","link":"https:\/\/merkabalight.com\/es\/video-proyecto-merkaba\/","title":{"rendered":"&#8211;> info videos: OptimizarTuEnerg\u00eda"},"content":{"rendered":"\t\t<div data-elementor-type=\"wp-page\" data-elementor-id=\"959\" class=\"elementor elementor-959\">\n\t\t\t\t<div class=\"elementor-element elementor-element-3319a805 e-flex e-con-boxed e-con e-parent\" data-id=\"3319a805\" data-element_type=\"container\" data-e-type=\"container\">\n\t\t\t\t\t<div class=\"e-con-inner\">\n\t\t<div class=\"elementor-element elementor-element-16c15f7f e-con-full e-flex e-con e-child\" data-id=\"16c15f7f\" data-element_type=\"container\" data-e-type=\"container\" data-settings=\"{&quot;background_background&quot;:&quot;classic&quot;}\">\n\t\t<div class=\"elementor-element elementor-element-7b58839d e-con-full e-flex e-con e-child\" data-id=\"7b58839d\" data-element_type=\"container\" data-e-type=\"container\">\n\t\t<div class=\"elementor-element elementor-element-56d9b5cd e-con-full e-flex e-con e-child\" data-id=\"56d9b5cd\" data-element_type=\"container\" data-e-type=\"container\">\n\t\t\t\t<div class=\"elementor-element elementor-element-450c21f6 elementor-widget__width-auto elementor-widget elementor-widget-image\" data-id=\"450c21f6\" data-element_type=\"widget\" data-e-type=\"widget\" data-widget_type=\"image.default\">\n\t\t\t\t<div class=\"elementor-widget-container\">\n\t\t\t\t\t\t\t\t\t\t\t\t\t\t\t<img decoding=\"async\" width=\"130\" height=\"130\" src=\"https:\/\/merkabalight.com\/es\/wp-content\/uploads\/2017\/11\/FOL-bollen-3D-still-HF-20171006_130px.png\" class=\"attachment-thumbnail size-thumbnail wp-image-588\" alt=\"Favicon MerkabaLight.com\" srcset=\"https:\/\/merkabalight.com\/es\/wp-content\/uploads\/2017\/11\/FOL-bollen-3D-still-HF-20171006_130px.png 130w, https:\/\/merkabalight.com\/es\/wp-content\/uploads\/2017\/11\/FOL-bollen-3D-still-HF-20171006_130px-100x100.png 100w, https:\/\/merkabalight.com\/es\/wp-content\/uploads\/2017\/11\/FOL-bollen-3D-still-HF-20171006_130px-75x75.png 75w\" sizes=\"(max-width: 130px) 100vw, 130px\" \/>\t\t\t\t\t\t\t\t\t\t\t\t\t\t\t<\/div>\n\t\t\t\t<\/div>\n\t\t\t\t<div class=\"elementor-element elementor-element-e216cd5 elementor-widget__width-auto elementor-widget elementor-widget-heading\" data-id=\"e216cd5\" data-element_type=\"widget\" data-e-type=\"widget\" data-widget_type=\"heading.default\">\n\t\t\t\t<div class=\"elementor-widget-container\">\n\t\t\t\t\t<h2 class=\"elementor-heading-title elementor-size-default\"> info Videos<\/h2>\t\t\t\t<\/div>\n\t\t\t\t<\/div>\n\t\t\t\t<\/div>\n\t\t\t\t<\/div>\n\t\t\t\t<\/div>\n\t\t<div class=\"elementor-element elementor-element-4aa5962 e-con-full e-flex e-con e-child\" data-id=\"4aa5962\" data-element_type=\"container\" data-e-type=\"container\" data-settings=\"{&quot;background_background&quot;:&quot;classic&quot;}\">\n\t\t\t\t<div class=\"elementor-element elementor-element-018978c elementor-widget elementor-widget-heading\" data-id=\"018978c\" data-element_type=\"widget\" data-e-type=\"widget\" data-widget_type=\"heading.default\">\n\t\t\t\t<div class=\"elementor-widget-container\">\n\t\t\t\t\t<h2 class=\"elementor-heading-title elementor-size-default\">OptimizarTuEnerg\u00eda es una serie de videos animados para integrar el conocimiento del Merkaba de manera clara, r\u00e1pida y aut\u00f3noma<\/h2>\t\t\t\t<\/div>\n\t\t\t\t<\/div>\n\t\t\t\t<\/div>\n\t\t\t\t\t<\/div>\n\t\t\t\t<\/div>\n\t\t<div class=\"elementor-element elementor-element-d6fc5b8 e-flex e-con-boxed e-con e-parent\" data-id=\"d6fc5b8\" data-element_type=\"container\" data-e-type=\"container\">\n\t\t\t\t\t<div class=\"e-con-inner\">\n\t\t<div class=\"elementor-element elementor-element-66e463a e-con-full e-flex e-con e-child\" data-id=\"66e463a\" data-element_type=\"container\" data-e-type=\"container\">\n\t\t\t\t<div class=\"elementor-element elementor-element-69aaf20 elementor-widget__width-initial elementor-widget elementor-widget-image\" data-id=\"69aaf20\" data-element_type=\"widget\" data-e-type=\"widget\" data-widget_type=\"image.default\">\n\t\t\t\t<div class=\"elementor-widget-container\">\n\t\t\t\t\t\t\t\t\t\t\t\t\t\t\t<img fetchpriority=\"high\" decoding=\"async\" width=\"1024\" height=\"675\" src=\"https:\/\/merkabalight.com\/es\/wp-content\/uploads\/2026\/01\/MYE-5yrs-Sphere-PartyES2-1-1024x675.png\" class=\"attachment-large size-large wp-image-12122\" alt=\"\" srcset=\"https:\/\/merkabalight.com\/es\/wp-content\/uploads\/2026\/01\/MYE-5yrs-Sphere-PartyES2-1-1024x675.png 1024w, https:\/\/merkabalight.com\/es\/wp-content\/uploads\/2026\/01\/MYE-5yrs-Sphere-PartyES2-1-300x198.png 300w, https:\/\/merkabalight.com\/es\/wp-content\/uploads\/2026\/01\/MYE-5yrs-Sphere-PartyES2-1-768x506.png 768w, https:\/\/merkabalight.com\/es\/wp-content\/uploads\/2026\/01\/MYE-5yrs-Sphere-PartyES2-1.png 1416w\" sizes=\"(max-width: 1024px) 100vw, 1024px\" \/>\t\t\t\t\t\t\t\t\t\t\t\t\t\t\t<\/div>\n\t\t\t\t<\/div>\n\t\t\t\t<\/div>\n\t\t\t\t\t<\/div>\n\t\t\t\t<\/div>\n\t\t<div class=\"elementor-element elementor-element-7a01048 e-flex e-con-boxed e-con e-parent\" data-id=\"7a01048\" data-element_type=\"container\" data-e-type=\"container\">\n\t\t\t\t\t<div class=\"e-con-inner\">\n\t\t<div class=\"elementor-element elementor-element-7f53d7f e-con-full e-flex e-con e-child\" data-id=\"7f53d7f\" data-element_type=\"container\" data-e-type=\"container\">\n\t\t<div class=\"elementor-element elementor-element-933493d e-con-full e-flex e-con e-child\" data-id=\"933493d\" data-element_type=\"container\" data-e-type=\"container\">\n\t\t<div class=\"elementor-element elementor-element-13aa150 e-con-full e-flex e-con e-child\" data-id=\"13aa150\" data-element_type=\"container\" data-e-type=\"container\" data-settings=\"{&quot;background_background&quot;:&quot;gradient&quot;}\">\n\t\t\t\t<div class=\"elementor-element elementor-element-ae2bfcf elementor-widget elementor-widget-heading\" data-id=\"ae2bfcf\" data-element_type=\"widget\" data-e-type=\"widget\" data-widget_type=\"heading.default\">\n\t\t\t\t<div class=\"elementor-widget-container\">\n\t\t\t\t\t<h2 class=\"elementor-heading-title elementor-size-default\">Integrar el Merkaba hoy<\/h2>\t\t\t\t<\/div>\n\t\t\t\t<\/div>\n\t\t\t\t<\/div>\n\t\t\t\t<div class=\"elementor-element elementor-element-1f6f8f8b elementor-widget elementor-widget-n-accordion\" data-id=\"1f6f8f8b\" data-element_type=\"widget\" data-e-type=\"widget\" data-settings=\"{&quot;default_state&quot;:&quot;all_collapsed&quot;,&quot;n_accordion_animation_duration&quot;:{&quot;unit&quot;:&quot;ms&quot;,&quot;size&quot;:500,&quot;sizes&quot;:[]},&quot;max_items_expended&quot;:&quot;one&quot;}\" data-widget_type=\"nested-accordion.default\">\n\t\t\t\t<div class=\"elementor-widget-container\">\n\t\t\t\t\t\t\t<div class=\"e-n-accordion\" aria-label=\"Accordion. Open links with Enter or Space, close with Escape, and navigate with Arrow Keys\">\n\t\t\t\t\t\t<details id=\"e-n-accordion-item-5270\" class=\"e-n-accordion-item\" >\n\t\t\t\t<summary class=\"e-n-accordion-item-title\" data-accordion-index=\"1\" tabindex=\"0\" aria-expanded=\"false\" aria-controls=\"e-n-accordion-item-5270\" >\n\t\t\t\t\t<span class='e-n-accordion-item-title-header'><div class=\"e-n-accordion-item-title-text\"> Un llamado a compartir este conocimiento <\/div><\/span>\n\t\t\t\t\t\t\t<span class='e-n-accordion-item-title-icon'>\n\t\t\t<span class='e-opened' ><i aria-hidden=\"true\" class=\"fas fa-angle-up\"><\/i><\/span>\n\t\t\t<span class='e-closed'><i aria-hidden=\"true\" class=\"fas fa-angle-down\"><\/i><\/span>\n\t\t<\/span>\n\n\t\t\t\t\t\t<\/summary>\n\t\t\t\t<div role=\"region\" aria-labelledby=\"e-n-accordion-item-5270\" class=\"elementor-element elementor-element-6920918 e-con-full e-flex e-con e-child\" data-id=\"6920918\" data-element_type=\"container\" data-e-type=\"container\">\n\t\t\t\t<div class=\"elementor-element elementor-element-f3e6743 elementor-widget elementor-widget-text-editor\" data-id=\"f3e6743\" data-element_type=\"widget\" data-e-type=\"widget\" data-widget_type=\"text-editor.default\">\n\t\t\t\t<div class=\"elementor-widget-container\">\n\t\t\t\t\t\t\t\t\t<p><b>Un llamado a compartir este conocimiento<br \/><\/b>Despu\u00e9s de muchos a\u00f1os compartiendo el conocimiento de la Flor de la Vida y el MERKABA alrededor del mundo a trav\u00e9s de talleres presenciales, sent\u00ed el llamado de reunir estas ense\u00f1anzas en una serie de videos animados, creados con dedicaci\u00f3n y amor.<br \/>La conciencia ha evolucionado en muchos lugares y hoy estoy convencida de que las personas pueden integrar el conocimiento del Merkaba de manera aut\u00f3noma a trav\u00e9s de esta serie: <em>OptimizarTuEnerg\u00eda.<\/em><\/p><p><b>Una pr\u00e1ctica diaria y consciente<br \/><\/b>Cada d\u00eda cuido y mantengo mis campos <em><strong>E<\/strong>lectro<strong>M<\/strong>agn\u00e9ticos<\/em> (<strong>EM<\/strong>) limpios y en equilibrio, y mantengo mi Merkaba activado. Como resultado, me siento plena en todos los niveles y disfruto de una energ\u00eda abundante y constante. T\u00fa tambi\u00e9n puedes lograrlo.<\/p><p><b>\u00bfQu\u00e9 aprender\u00e1s en <em>OptimizarTuEnerg\u00eda<\/em>?<br \/><\/b>En esta serie aprender\u00e1s, paso a paso, a trabajar conscientemente con tus propios campos energ\u00e9ticos y a mantener tu Merkaba Fibonacci (es le primer paso) de forma \u00f3ptima.<\/p>\t\t\t\t\t\t\t\t<\/div>\n\t\t\t\t<\/div>\n\t\t\t\t<\/div>\n\t\t\t\t\t<\/details>\n\t\t\t\t\t<\/div>\n\t\t\t\t\t\t<\/div>\n\t\t\t\t<\/div>\n\t\t\t\t<div class=\"elementor-element elementor-element-4702e02 elementor-widget elementor-widget-image\" data-id=\"4702e02\" data-element_type=\"widget\" data-e-type=\"widget\" data-widget_type=\"image.default\">\n\t\t\t\t<div class=\"elementor-widget-container\">\n\t\t\t\t\t\t\t\t\t\t\t\t<figure class=\"wp-caption\">\n\t\t\t\t\t\t\t\t\t\t<img decoding=\"async\" width=\"1024\" height=\"576\" src=\"https:\/\/merkabalight.com\/es\/wp-content\/uploads\/2022\/06\/ES-Overview-All-Videos-on-Blue-bg-20220609-1024x576.jpg\" class=\"attachment-large size-large wp-image-4130\" alt=\"\" srcset=\"https:\/\/merkabalight.com\/es\/wp-content\/uploads\/2022\/06\/ES-Overview-All-Videos-on-Blue-bg-20220609-1024x576.jpg 1024w, https:\/\/merkabalight.com\/es\/wp-content\/uploads\/2022\/06\/ES-Overview-All-Videos-on-Blue-bg-20220609-300x169.jpg 300w, https:\/\/merkabalight.com\/es\/wp-content\/uploads\/2022\/06\/ES-Overview-All-Videos-on-Blue-bg-20220609-768x432.jpg 768w, https:\/\/merkabalight.com\/es\/wp-content\/uploads\/2022\/06\/ES-Overview-All-Videos-on-Blue-bg-20220609-1536x864.jpg 1536w, https:\/\/merkabalight.com\/es\/wp-content\/uploads\/2022\/06\/ES-Overview-All-Videos-on-Blue-bg-20220609.jpg 2000w\" sizes=\"(max-width: 1024px) 100vw, 1024px\" \/>\t\t\t\t\t\t\t\t\t\t\t<figcaption class=\"widget-image-caption wp-caption-text\">Aqu\u00ed ves las miniaturas de todo la serie videos OptimisarTuEnerg\u00eda<\/figcaption>\n\t\t\t\t\t\t\t\t\t\t<\/figure>\n\t\t\t\t\t\t\t\t\t<\/div>\n\t\t\t\t<\/div>\n\t\t\t\t<\/div>\n\t\t<div class=\"elementor-element elementor-element-2dd38db e-con-full e-flex e-con e-child\" data-id=\"2dd38db\" data-element_type=\"container\" data-e-type=\"container\">\n\t\t\t\t<div class=\"elementor-element elementor-element-0e7fea9 elementor-widget elementor-widget-n-accordion\" data-id=\"0e7fea9\" data-element_type=\"widget\" data-e-type=\"widget\" data-settings=\"{&quot;default_state&quot;:&quot;all_collapsed&quot;,&quot;n_accordion_animation_duration&quot;:{&quot;unit&quot;:&quot;ms&quot;,&quot;size&quot;:500,&quot;sizes&quot;:[]},&quot;max_items_expended&quot;:&quot;one&quot;}\" data-widget_type=\"nested-accordion.default\">\n\t\t\t\t<div class=\"elementor-widget-container\">\n\t\t\t\t\t\t\t<div class=\"e-n-accordion\" aria-label=\"Accordion. Open links with Enter or Space, close with Escape, and navigate with Arrow Keys\">\n\t\t\t\t\t\t<details id=\"e-n-accordion-item-1520\" class=\"e-n-accordion-item\" >\n\t\t\t\t<summary class=\"e-n-accordion-item-title\" data-accordion-index=\"1\" tabindex=\"0\" aria-expanded=\"false\" aria-controls=\"e-n-accordion-item-1520\" >\n\t\t\t\t\t<span class='e-n-accordion-item-title-header'><div class=\"e-n-accordion-item-title-text\"> M\u00e1s de 30 a\u00f1os de experiencia <\/div><\/span>\n\t\t\t\t\t\t\t<span class='e-n-accordion-item-title-icon'>\n\t\t\t<span class='e-opened' ><i aria-hidden=\"true\" class=\"fas fa-caret-up\"><\/i><\/span>\n\t\t\t<span class='e-closed'><i aria-hidden=\"true\" class=\"fas fa-caret-down\"><\/i><\/span>\n\t\t<\/span>\n\n\t\t\t\t\t\t<\/summary>\n\t\t\t\t<div role=\"region\" aria-labelledby=\"e-n-accordion-item-1520\" class=\"elementor-element elementor-element-7b51e2b e-con-full e-flex e-con e-child\" data-id=\"7b51e2b\" data-element_type=\"container\" data-e-type=\"container\">\n\t\t\t\t<div class=\"elementor-element elementor-element-c05758b elementor-widget elementor-widget-text-editor\" data-id=\"c05758b\" data-element_type=\"widget\" data-e-type=\"widget\" data-widget_type=\"text-editor.default\">\n\t\t\t\t<div class=\"elementor-widget-container\">\n\t\t\t\t\t\t\t\t\t<p><b>M\u00e1s de 30 a\u00f1os de experiencia<br \/><\/b>Con m\u00e1s de 30 a\u00f1os de experiencia como facilitadora del Merkaba, Johanna Donna Kleipool ha clarificado y simplificado la parte sobre las ense\u00f1anzas del Merkaba Fibonacci de Drunvalo Melchizedek, bas\u00e1ndose en d\u00e9cadas de cursos y formaciones en muchos pa\u00edses.<\/p><p><b>\u00bfQu\u00e9 incluye la serie?<br \/><\/b>La serie consta de 27 videos cortos con explicaciones claras y pr\u00e1cticas, junto con sabidur\u00eda ancestral transmitida a trav\u00e9s de im\u00e1genes, animaciones y material gr\u00e1fico cuidadosamente elaborados por MerkabaLight.<\/p><p><b>Un m\u00e9todo claro, accesible y entendible<br \/><\/b>Este proceso es accesible para todos. Las instrucciones siguen una secuencia l\u00f3gica y clara, permiti\u00e9ndote avanzar con confianza y verificar tu aprendizaje paso a paso.<br \/>Como apoyo adicional, puedes utilizar la parte 2 (cap\u00edtulos 13 y 14) de <i>El Antiguo Secreto de la Flor de la Vida<\/i>, de Drunvalo Melchizedek, junto con los videos.<\/p><p><b>C\u00f3mo trabajar con los videos<br \/><\/b>Se recomienda ver primero todos los videos sin intentar comprenderlos de inmediato y luego comenzar nuevamente desde el principio para integrar la informaci\u00f3n.<br \/>Una vez incorporado el conocimiento, solo necesitar\u00e1s <strong>5 minutos al d\u00ed<\/strong>a para mantener tu Merkaba Fibonacci activado y equilibrado.<\/p><p><b>\u00bfTienes preguntas?<br \/><\/b>Si en alg\u00fan momento necesitas apoyo o tienes preguntas, puedes ponerte en contacto conmigo a trav\u00e9s del formulario de contacto.<\/p>\t\t\t\t\t\t\t\t<\/div>\n\t\t\t\t<\/div>\n\t\t\t\t<\/div>\n\t\t\t\t\t<\/details>\n\t\t\t\t\t<\/div>\n\t\t\t\t\t\t<\/div>\n\t\t\t\t<\/div>\n\t\t\t\t<div class=\"elementor-element elementor-element-799e1ae elementor-align-center elementor-widget elementor-widget-button\" data-id=\"799e1ae\" data-element_type=\"widget\" data-e-type=\"widget\" data-widget_type=\"button.default\">\n\t\t\t\t<div class=\"elementor-widget-container\">\n\t\t\t\t\t\t\t\t\t<div class=\"elementor-button-wrapper\">\n\t\t\t\t\t<a class=\"elementor-button elementor-button-link elementor-size-sm\" href=\"https:\/\/merkabalight.com\/es\/contacto\/\">\n\t\t\t\t\t\t<span class=\"elementor-button-content-wrapper\">\n\t\t\t\t\t\t<span class=\"elementor-button-icon\">\n\t\t\t\t<i aria-hidden=\"true\" class=\"fas fa-mail-bulk\"><\/i>\t\t\t<\/span>\n\t\t\t\t\t\t\t\t\t<span class=\"elementor-button-text\">Contacto<\/span>\n\t\t\t\t\t<\/span>\n\t\t\t\t\t<\/a>\n\t\t\t\t<\/div>\n\t\t\t\t\t\t\t\t<\/div>\n\t\t\t\t<\/div>\n\t\t\t\t<\/div>\n\t\t<div class=\"elementor-element elementor-element-3da23fa e-con-full e-flex e-con e-child\" data-id=\"3da23fa\" data-element_type=\"container\" data-e-type=\"container\">\n\t\t\t\t<div class=\"elementor-element elementor-element-65f7a9a elementor-widget elementor-widget-image\" data-id=\"65f7a9a\" data-element_type=\"widget\" data-e-type=\"widget\" data-widget_type=\"image.default\">\n\t\t\t\t<div class=\"elementor-widget-container\">\n\t\t\t\t\t\t\t\t\t\t\t\t<figure class=\"wp-caption\">\n\t\t\t\t\t\t\t\t\t\t<img loading=\"lazy\" decoding=\"async\" width=\"1024\" height=\"563\" src=\"https:\/\/merkabalight.com\/es\/wp-content\/uploads\/2023\/11\/Christ-bew-veld-7-met-torus-vr-universo-holistico-20230507Googvgod-kopie-1024x563.jpg\" class=\"attachment-large size-large wp-image-5315\" alt=\"\" srcset=\"https:\/\/merkabalight.com\/es\/wp-content\/uploads\/2023\/11\/Christ-bew-veld-7-met-torus-vr-universo-holistico-20230507Googvgod-kopie-1024x563.jpg 1024w, https:\/\/merkabalight.com\/es\/wp-content\/uploads\/2023\/11\/Christ-bew-veld-7-met-torus-vr-universo-holistico-20230507Googvgod-kopie-300x165.jpg 300w, https:\/\/merkabalight.com\/es\/wp-content\/uploads\/2023\/11\/Christ-bew-veld-7-met-torus-vr-universo-holistico-20230507Googvgod-kopie-768x422.jpg 768w, https:\/\/merkabalight.com\/es\/wp-content\/uploads\/2023\/11\/Christ-bew-veld-7-met-torus-vr-universo-holistico-20230507Googvgod-kopie-1536x845.jpg 1536w, https:\/\/merkabalight.com\/es\/wp-content\/uploads\/2023\/11\/Christ-bew-veld-7-met-torus-vr-universo-holistico-20230507Googvgod-kopie.jpg 2000w\" sizes=\"(max-width: 1024px) 100vw, 1024px\" \/>\t\t\t\t\t\t\t\t\t\t\t<figcaption class=\"widget-image-caption wp-caption-text\">vea: esfera Amarilla 6b<\/figcaption>\n\t\t\t\t\t\t\t\t\t\t<\/figure>\n\t\t\t\t\t\t\t\t\t<\/div>\n\t\t\t\t<\/div>\n\t\t<div class=\"elementor-element elementor-element-dfa1706 e-con-full e-flex e-con e-child\" data-id=\"dfa1706\" data-element_type=\"container\" data-e-type=\"container\">\n\t\t\t\t<div class=\"elementor-element elementor-element-40ca090 elementor-widget elementor-widget-text-editor\" data-id=\"40ca090\" data-element_type=\"widget\" data-e-type=\"widget\" data-widget_type=\"text-editor.default\">\n\t\t\t\t<div class=\"elementor-widget-container\">\n\t\t\t\t\t\t\t\t\t<p><strong>Conocimiento antiguo<br \/><\/strong>El conocimiento compartido en estos videos es muy antiguo. Ya se ense\u00f1aba en la \u00e9poca de los faraones egipcios, aunque en aquel entonces solo estaba al alcance de unos pocos. En las antiguas escuelas de sabidur\u00eda, los estudiantes segu\u00edan doce a\u00f1os de entrenamiento para el hemisferio izquierdo del cerebro y otros doce para el hemisferio derecho, antes de aprender a activar su propio Merkaba.<\/p><p>En el a\u00f1o 2000, Drunvalo Melchizedek escribi\u00f3 dos libros sobre la geometr\u00eda de la creaci\u00f3n, ofreciendo una profunda visi\u00f3n del desarrollo de la conciencia a trav\u00e9s de distintas civilizaciones. <br \/>La geometr\u00eda sagrada es el punto de partida para explorar temas tan diversos como la Atl\u00e1ntida, las escuelas esot\u00e9ricas de Horus en Egipto y la unidad profunda que subyace detr\u00e1s de toda diversidad y dualidad.<\/p>\t\t\t\t\t\t\t\t<\/div>\n\t\t\t\t<\/div>\n\t\t\t\t<\/div>\n\t\t\t\t<\/div>\n\t\t\t\t<\/div>\n\t\t\t\t\t<\/div>\n\t\t\t\t<\/div>\n\t\t<div class=\"elementor-element elementor-element-a9b19f1 e-flex e-con-boxed e-con e-parent\" data-id=\"a9b19f1\" data-element_type=\"container\" data-e-type=\"container\">\n\t\t\t\t\t<div class=\"e-con-inner\">\n\t\t<div class=\"elementor-element elementor-element-505ab94 e-con-full e-flex e-con e-child\" data-id=\"505ab94\" data-element_type=\"container\" data-e-type=\"container\">\n\t\t<div class=\"elementor-element elementor-element-5fb4813d e-con-full e-flex e-con e-child\" data-id=\"5fb4813d\" data-element_type=\"container\" data-e-type=\"container\" data-settings=\"{&quot;background_background&quot;:&quot;gradient&quot;}\">\n\t\t\t\t<div class=\"elementor-element elementor-element-44ef8671 elementor-widget elementor-widget-heading\" data-id=\"44ef8671\" data-element_type=\"widget\" data-e-type=\"widget\" data-widget_type=\"heading.default\">\n\t\t\t\t<div class=\"elementor-widget-container\">\n\t\t\t\t\t<h3 class=\"elementor-heading-title elementor-size-default\">Creado completamente con IN (Inteligencia Natural) y 100% sin IA<\/h3>\t\t\t\t<\/div>\n\t\t\t\t<\/div>\n\t\t\t\t<\/div>\n\t\t<div class=\"elementor-element elementor-element-ce68139 e-con-full e-flex e-con e-child\" data-id=\"ce68139\" data-element_type=\"container\" data-e-type=\"container\">\n\t\t\t\t<div class=\"elementor-element elementor-element-0f21c9b elementor-widget elementor-widget-text-editor\" data-id=\"0f21c9b\" data-element_type=\"widget\" data-e-type=\"widget\" data-widget_type=\"text-editor.default\">\n\t\t\t\t<div class=\"elementor-widget-container\">\n\t\t\t\t\t\t\t\t\t<p><strong>Pura artesan\u00eda y &#8216;alta costura&#8217;, en otras palabras<\/strong><br \/>Todo el trabajo visual de la serie de videos <em>OptimizarTuEnerg\u00eda<\/em> fue creado a mano exclusivamente por MerkabaLight (Johanna en colaboraci\u00f3n con su dise\u00f1ador gr\u00e1fico). Desde las figuras masculina y femenina, Letty y Binky \u2014creadas con gran cuidado y cari\u00f1o, desde su estructura \u00f3sea hasta su apariencia refinada\u2014 hasta las animaciones, las armon\u00edas de color, los fondos y la direcci\u00f3n visual general.<\/p><p>Las im\u00e1genes y el dise\u00f1o de los tres sitios web (en holand\u00e9s, espa\u00f1ol e ingl\u00e9s) fueron desarrollados con la misma dedicaci\u00f3n y precisi\u00f3n, fruto de a\u00f1os de experiencia y de la profunda formaci\u00f3n e inspiraci\u00f3n que Johanna recibi\u00f3 durante su aprendizaje con Drunvalo Melchizedek.&#8217;<\/p>\t\t\t\t\t\t\t\t<\/div>\n\t\t\t\t<\/div>\n\t\t\t\t<div class=\"elementor-element elementor-element-01536ec elementor-widget elementor-widget-video\" data-id=\"01536ec\" data-element_type=\"widget\" data-e-type=\"widget\" data-settings=\"{&quot;video_type&quot;:&quot;vimeo&quot;,&quot;autoplay&quot;:&quot;yes&quot;,&quot;loop&quot;:&quot;yes&quot;,&quot;play_on_mobile&quot;:&quot;yes&quot;}\" data-widget_type=\"video.default\">\n\t\t\t\t<div class=\"elementor-widget-container\">\n\t\t\t\t\t\t\t<div class=\"elementor-wrapper elementor-open-inline\">\n\t\t\t<iframe class=\"elementor-video-iframe\" allowfullscreen allow=\"autoplay\" title=\"Reproductor de v\u00eddeo vimeo\" src=\"https:\/\/player.vimeo.com\/video\/885948192?autoplay=1&amp;playsinline=1&amp;color&amp;autopause=0&amp;loop=1&amp;muted=0&amp;title=0&amp;portrait=0&amp;byline=0#t=\"><\/iframe>\t\t<\/div>\n\t\t\t\t\t\t<\/div>\n\t\t\t\t<\/div>\n\t\t\t\t<\/div>\n\t\t\t\t<\/div>\n\t\t\t\t\t<\/div>\n\t\t\t\t<\/div>\n\t\t<div class=\"elementor-element elementor-element-35c2311 e-flex e-con-boxed e-con e-parent\" data-id=\"35c2311\" data-element_type=\"container\" data-e-type=\"container\">\n\t\t\t\t\t<div class=\"e-con-inner\">\n\t\t<div class=\"elementor-element elementor-element-560d1d3 e-con-full e-flex e-con e-child\" data-id=\"560d1d3\" data-element_type=\"container\" data-e-type=\"container\">\n\t\t<div class=\"elementor-element elementor-element-d3cd97b e-con-full e-flex e-con e-child\" data-id=\"d3cd97b\" data-element_type=\"container\" data-e-type=\"container\">\n\t\t\t\t<div class=\"elementor-element elementor-element-5cd16c9 elementor-align-center elementor-widget elementor-widget-button\" data-id=\"5cd16c9\" data-element_type=\"widget\" data-e-type=\"widget\" data-widget_type=\"button.default\">\n\t\t\t\t<div class=\"elementor-widget-container\">\n\t\t\t\t\t\t\t\t\t<div class=\"elementor-button-wrapper\">\n\t\t\t\t\t<a class=\"elementor-button elementor-button-link elementor-size-sm\" href=\"https:\/\/merkabalight.com\/es\/esfera-blanca\">\n\t\t\t\t\t\t<span class=\"elementor-button-content-wrapper\">\n\t\t\t\t\t\t<span class=\"elementor-button-icon\">\n\t\t\t\t<i aria-hidden=\"true\" class=\"fas fa-circle\"><\/i>\t\t\t<\/span>\n\t\t\t\t\t\t\t\t\t<span class=\"elementor-button-text\">Entender la estructura - Videos de la Esfera Blanca<\/span>\n\t\t\t\t\t<\/span>\n\t\t\t\t\t<\/a>\n\t\t\t\t<\/div>\n\t\t\t\t\t\t\t\t<\/div>\n\t\t\t\t<\/div>\n\t\t\t\t<div class=\"elementor-element elementor-element-3146516 elementor-widget elementor-widget-spacer\" data-id=\"3146516\" data-element_type=\"widget\" data-e-type=\"widget\" data-widget_type=\"spacer.default\">\n\t\t\t\t<div class=\"elementor-widget-container\">\n\t\t\t\t\t\t\t<div class=\"elementor-spacer\">\n\t\t\t<div class=\"elementor-spacer-inner\"><\/div>\n\t\t<\/div>\n\t\t\t\t\t\t<\/div>\n\t\t\t\t<\/div>\n\t\t\t\t<div class=\"elementor-element elementor-element-bdce01b elementor-widget elementor-widget-text-editor\" data-id=\"bdce01b\" data-element_type=\"widget\" data-e-type=\"widget\" data-widget_type=\"text-editor.default\">\n\t\t\t\t<div class=\"elementor-widget-container\">\n\t\t\t\t\t\t\t\t\t<p style=\"text-align: center;\">Aqu\u00ed puedes acceder directamente a la serie completa de v\u00eddeos <em>OptimizarTuEnerg\u00eda<\/em> durante tres meses:<\/p>\t\t\t\t\t\t\t\t<\/div>\n\t\t\t\t<\/div>\n\t\t\t\t<div class=\"elementor-element elementor-element-d91906a elementor-align-center elementor-widget elementor-widget-button\" data-id=\"d91906a\" data-element_type=\"widget\" data-e-type=\"widget\" data-widget_type=\"button.default\">\n\t\t\t\t<div class=\"elementor-widget-container\">\n\t\t\t\t\t\t\t\t\t<div class=\"elementor-button-wrapper\">\n\t\t\t\t\t<a class=\"elementor-button elementor-button-link elementor-size-sm\" href=\"https:\/\/merkabalight.com\/es\/webshop-merkabalight\/\">\n\t\t\t\t\t\t<span class=\"elementor-button-content-wrapper\">\n\t\t\t\t\t\t<span class=\"elementor-button-icon\">\n\t\t\t\t<i aria-hidden=\"true\" class=\"fas fa-shopping-cart\"><\/i>\t\t\t<\/span>\n\t\t\t\t\t\t\t\t\t<span class=\"elementor-button-text\">Ir directamente a la tienda web<\/span>\n\t\t\t\t\t<\/span>\n\t\t\t\t\t<\/a>\n\t\t\t\t<\/div>\n\t\t\t\t\t\t\t\t<\/div>\n\t\t\t\t<\/div>\n\t\t\t\t<\/div>\n\t\t\t\t<\/div>\n\t\t\t\t\t<\/div>\n\t\t\t\t<\/div>\n\t\t\t\t<\/div>\n\t\t","protected":false},"excerpt":{"rendered":"<p>info Videos OptimizarTuEnerg\u00eda es una serie de videos animados para integrar el conocimiento del Merkaba de manera clara, r\u00e1pida y aut\u00f3noma Integrar el Merkaba hoy Un llamado a compartir este conocimiento Un llamado a compartir este conocimientoDespu\u00e9s de muchos a\u00f1os compartiendo el conocimiento de la Flor de la Vida y el MERKABA alrededor del mundo [&hellip;]<\/p>\n","protected":false},"author":1,"featured_media":0,"parent":0,"menu_order":0,"comment_status":"closed","ping_status":"closed","template":"","meta":{"footnotes":""},"class_list":["post-959","page","type-page","status-publish","hentry","entry","owp-thumbs-layout-horizontal","owp-btn-normal","owp-tabs-layout-horizontal","has-no-thumbnails","has-product-nav"],"_links":{"self":[{"href":"https:\/\/merkabalight.com\/es\/wp-json\/wp\/v2\/pages\/959","targetHints":{"allow":["GET"]}}],"collection":[{"href":"https:\/\/merkabalight.com\/es\/wp-json\/wp\/v2\/pages"}],"about":[{"href":"https:\/\/merkabalight.com\/es\/wp-json\/wp\/v2\/types\/page"}],"author":[{"embeddable":true,"href":"https:\/\/merkabalight.com\/es\/wp-json\/wp\/v2\/users\/1"}],"replies":[{"embeddable":true,"href":"https:\/\/merkabalight.com\/es\/wp-json\/wp\/v2\/comments?post=959"}],"version-history":[{"count":0,"href":"https:\/\/merkabalight.com\/es\/wp-json\/wp\/v2\/pages\/959\/revisions"}],"wp:attachment":[{"href":"https:\/\/merkabalight.com\/es\/wp-json\/wp\/v2\/media?parent=959"}],"curies":[{"name":"wp","href":"https:\/\/api.w.org\/{rel}","templated":true}]}}