{"id":978,"date":"2018-03-06T12:47:26","date_gmt":"2018-03-06T12:47:26","guid":{"rendered":"https:\/\/stagin2.srvrud.nl\/?page_id=978"},"modified":"2025-12-19T16:03:44","modified_gmt":"2025-12-19T15:03:44","slug":"sobre-merkabalight","status":"publish","type":"page","link":"https:\/\/merkabalight.com\/es\/sobre-merkabalight\/","title":{"rendered":"Sobre m\u00ed"},"content":{"rendered":"\t\t<div data-elementor-type=\"wp-page\" data-elementor-id=\"978\" class=\"elementor elementor-978\">\n\t\t\t\t<div class=\"elementor-element elementor-element-53888da7 e-flex e-con-boxed e-con e-parent\" data-id=\"53888da7\" data-element_type=\"container\" data-e-type=\"container\">\n\t\t\t\t\t<div class=\"e-con-inner\">\n\t\t<div class=\"elementor-element elementor-element-4dc8a498 e-con-full e-flex e-con e-child\" data-id=\"4dc8a498\" data-element_type=\"container\" data-e-type=\"container\" data-settings=\"{&quot;background_background&quot;:&quot;classic&quot;}\">\n\t\t<div class=\"elementor-element elementor-element-2b6e6063 e-con-full e-flex e-con e-child\" data-id=\"2b6e6063\" data-element_type=\"container\" data-e-type=\"container\">\n\t\t<div class=\"elementor-element elementor-element-43a0f138 e-con-full e-flex e-con e-child\" data-id=\"43a0f138\" data-element_type=\"container\" data-e-type=\"container\">\n\t\t\t\t<div class=\"elementor-element elementor-element-3418e110 elementor-widget__width-auto elementor-widget elementor-widget-image\" data-id=\"3418e110\" data-element_type=\"widget\" data-e-type=\"widget\" data-widget_type=\"image.default\">\n\t\t\t\t<div class=\"elementor-widget-container\">\n\t\t\t\t\t\t\t\t\t\t\t\t\t\t\t<img decoding=\"async\" width=\"150\" height=\"150\" src=\"https:\/\/merkabalight.com\/es\/wp-content\/uploads\/2020\/04\/ES-Johanna-Kleipool-Foto-with-BG-circle_200_tg-150x150.jpg\" class=\"attachment-thumbnail size-thumbnail wp-image-2364\" alt=\"\" srcset=\"https:\/\/merkabalight.com\/es\/wp-content\/uploads\/2020\/04\/ES-Johanna-Kleipool-Foto-with-BG-circle_200_tg-150x149.jpg 150w, https:\/\/merkabalight.com\/es\/wp-content\/uploads\/2020\/04\/ES-Johanna-Kleipool-Foto-with-BG-circle_200_tg-100x100.jpg 100w, https:\/\/merkabalight.com\/es\/wp-content\/uploads\/2020\/04\/ES-Johanna-Kleipool-Foto-with-BG-circle_200_tg-75x75.jpg 75w, https:\/\/merkabalight.com\/es\/wp-content\/uploads\/2020\/04\/ES-Johanna-Kleipool-Foto-with-BG-circle_200_tg.jpg 200w\" sizes=\"(max-width: 150px) 100vw, 150px\" \/>\t\t\t\t\t\t\t\t\t\t\t\t\t\t\t<\/div>\n\t\t\t\t<\/div>\n\t\t\t\t<div class=\"elementor-element elementor-element-1623b4f6 elementor-widget__width-auto elementor-widget elementor-widget-heading\" data-id=\"1623b4f6\" data-element_type=\"widget\" data-e-type=\"widget\" data-widget_type=\"heading.default\">\n\t\t\t\t<div class=\"elementor-widget-container\">\n\t\t\t\t\t<h2 class=\"elementor-heading-title elementor-size-default\">sobre M\u00ed<\/h2>\t\t\t\t<\/div>\n\t\t\t\t<\/div>\n\t\t\t\t<\/div>\n\t\t\t\t<\/div>\n\t\t\t\t<\/div>\n\t\t<div class=\"elementor-element elementor-element-df6d037 e-con-full e-flex e-con e-child\" data-id=\"df6d037\" data-element_type=\"container\" data-e-type=\"container\" data-settings=\"{&quot;background_background&quot;:&quot;classic&quot;}\">\n\t\t\t\t<div class=\"elementor-element elementor-element-5f485171 elementor-widget elementor-widget-heading\" data-id=\"5f485171\" data-element_type=\"widget\" data-e-type=\"widget\" data-widget_type=\"heading.default\">\n\t\t\t\t<div class=\"elementor-widget-container\">\n\t\t\t\t\t<h2 class=\"elementor-heading-title elementor-size-default\">\u00bfQui\u00e9n es Johanna Donna Kleipool?<\/h2>\t\t\t\t<\/div>\n\t\t\t\t<\/div>\n\t\t\t\t<\/div>\n\t\t\t\t\t<\/div>\n\t\t\t\t<\/div>\n\t\t<div class=\"elementor-element elementor-element-4870e5c e-flex e-con-boxed e-con e-parent\" data-id=\"4870e5c\" data-element_type=\"container\" data-e-type=\"container\">\n\t\t\t\t\t<div class=\"e-con-inner\">\n\t\t<div class=\"elementor-element elementor-element-5186f9c e-con-full e-flex e-con e-child\" data-id=\"5186f9c\" data-element_type=\"container\" data-e-type=\"container\">\n\t\t<div class=\"elementor-element elementor-element-519ff0b e-con-full e-flex e-con e-child\" data-id=\"519ff0b\" data-element_type=\"container\" data-e-type=\"container\">\n\t\t\t\t<div class=\"elementor-element elementor-element-a3271f3 elementor-widget__width-initial elementor-widget elementor-widget-video\" data-id=\"a3271f3\" data-element_type=\"widget\" data-e-type=\"widget\" data-settings=\"{&quot;video_type&quot;:&quot;vimeo&quot;}\" data-widget_type=\"video.default\">\n\t\t\t\t<div class=\"elementor-widget-container\">\n\t\t\t\t\t\t\t<div class=\"elementor-wrapper elementor-open-inline\">\n\t\t\t<iframe class=\"elementor-video-iframe\" allowfullscreen allow=\"clipboard-write\" title=\"Reproductor de v\u00eddeo vimeo\" src=\"https:\/\/player.vimeo.com\/video\/720561607?color&amp;autopause=0&amp;loop=0&amp;muted=0&amp;title=0&amp;portrait=0&amp;byline=0#t=\"><\/iframe>\t\t<\/div>\n\t\t\t\t\t\t<\/div>\n\t\t\t\t<\/div>\n\t\t\t\t<\/div>\n\t\t<div class=\"elementor-element elementor-element-a7139fa e-con-full e-flex e-con e-child\" data-id=\"a7139fa\" data-element_type=\"container\" data-e-type=\"container\" data-settings=\"{&quot;background_background&quot;:&quot;classic&quot;}\">\n\t\t\t\t<div class=\"elementor-element elementor-element-bfd45bc elementor-widget elementor-widget-text-editor\" data-id=\"bfd45bc\" data-element_type=\"widget\" data-e-type=\"widget\" data-widget_type=\"text-editor.default\">\n\t\t\t\t<div class=\"elementor-widget-container\">\n\t\t\t\t\t\t\t\t\t<h4>&#8216;Mi pasi\u00f3n es sacar lo mejor de ti y dar lo mejor de m\u00ed.<\/h4>\n<h4>Me inspira profundamente poder marcar una diferencia en tu vida&#8217;.<\/h4>\n<h4><br \/>Johanna (Donna) Kleipool<\/h4>\t\t\t\t\t\t\t\t<\/div>\n\t\t\t\t<\/div>\n\t\t\t\t<\/div>\n\t\t\t\t<\/div>\n\t\t<div class=\"elementor-element elementor-element-7215323 e-con-full e-flex e-con e-child\" data-id=\"7215323\" data-element_type=\"container\" data-e-type=\"container\">\n\t\t<div class=\"elementor-element elementor-element-05200af e-con-full e-flex e-con e-child\" data-id=\"05200af\" data-element_type=\"container\" data-e-type=\"container\">\n\t\t<div class=\"elementor-element elementor-element-d6741b2 e-con-full e-flex e-con e-child\" data-id=\"d6741b2\" data-element_type=\"container\" data-e-type=\"container\" data-settings=\"{&quot;background_background&quot;:&quot;gradient&quot;}\">\n\t\t\t\t<div class=\"elementor-element elementor-element-a29f462 elementor-widget elementor-widget-heading\" data-id=\"a29f462\" data-element_type=\"widget\" data-e-type=\"widget\" data-widget_type=\"heading.default\">\n\t\t\t\t<div class=\"elementor-widget-container\">\n\t\t\t\t\t<h3 class=\"elementor-heading-title elementor-size-default\">Mi juventud<\/h3>\t\t\t\t<\/div>\n\t\t\t\t<\/div>\n\t\t\t\t<\/div>\n\t\t\t\t<div class=\"elementor-element elementor-element-1ec45a2 elementor-widget elementor-widget-text-editor\" data-id=\"1ec45a2\" data-element_type=\"widget\" data-e-type=\"widget\" data-widget_type=\"text-editor.default\">\n\t\t\t\t<div class=\"elementor-widget-container\">\n\t\t\t\t\t\t\t\t\t<p>Nac\u00ed en \u00c1msterdam en los \u00faltimos d\u00edas de la guerra y fui la primera de siete hermanos.<br \/>La palabra que siempre ha guiado mi vida es LIBERTAD.<\/p>\n<p>Crec\u00ed en Indonesia, donde mi padre trabajaba como maestro. Durante mis primeros a\u00f1os nadie me dijo c\u00f3mo \u201cdeb\u00eda ser\u201d. Tuve la libertad de descubrirlo por m\u00ed misma. Hasta los siete a\u00f1os nunca hab\u00eda usado zapatos y dispuse de todo el tiempo necesario para desarrollar mi propia individualidad.<\/p>\n<p>A los quince a\u00f1os me fui de casa para estudiar, acogida por una familia maravillosa. Fue un gran cambio que me ense\u00f1\u00f3, de forma natural, a ser independiente y responsable.<\/p>\t\t\t\t\t\t\t\t<\/div>\n\t\t\t\t<\/div>\n\t\t\t\t<\/div>\n\t\t<div class=\"elementor-element elementor-element-d0c68da e-con-full e-flex e-con e-child\" data-id=\"d0c68da\" data-element_type=\"container\" data-e-type=\"container\">\n\t\t<div class=\"elementor-element elementor-element-caccc2f e-con-full e-flex e-con e-child\" data-id=\"caccc2f\" data-element_type=\"container\" data-e-type=\"container\" data-settings=\"{&quot;background_background&quot;:&quot;gradient&quot;}\">\n\t\t\t\t<div class=\"elementor-element elementor-element-cde05be elementor-widget elementor-widget-heading\" data-id=\"cde05be\" data-element_type=\"widget\" data-e-type=\"widget\" data-widget_type=\"heading.default\">\n\t\t\t\t<div class=\"elementor-widget-container\">\n\t\t\t\t\t<h3 class=\"elementor-heading-title elementor-size-default\">Mi busqueda<\/h3>\t\t\t\t<\/div>\n\t\t\t\t<\/div>\n\t\t\t\t<\/div>\n\t\t\t\t<div class=\"elementor-element elementor-element-8208687 elementor-widget elementor-widget-text-editor\" data-id=\"8208687\" data-element_type=\"widget\" data-e-type=\"widget\" data-widget_type=\"text-editor.default\">\n\t\t\t\t<div class=\"elementor-widget-container\">\n\t\t\t\t\t\t\t\t\t<p>Durante unos siete a\u00f1os viaj\u00e9 por el mundo con una mochila, buscando respuestas a las grandes preguntas de la vida:<br \/>\u00bfQui\u00e9n soy? \u00bfQu\u00e9 hago aqu\u00ed? \u00bfHacia d\u00f3nde vamos?<\/p>\t\t\t\t\t\t\t\t<\/div>\n\t\t\t\t<\/div>\n\t\t\t\t<\/div>\n\t\t<div class=\"elementor-element elementor-element-d06d605 e-con-full e-flex e-con e-child\" data-id=\"d06d605\" data-element_type=\"container\" data-e-type=\"container\">\n\t\t<div class=\"elementor-element elementor-element-0c62cd6 e-con-full e-flex e-con e-child\" data-id=\"0c62cd6\" data-element_type=\"container\" data-e-type=\"container\" data-settings=\"{&quot;background_background&quot;:&quot;gradient&quot;}\">\n\t\t\t\t<div class=\"elementor-element elementor-element-29bcbf9 elementor-widget elementor-widget-heading\" data-id=\"29bcbf9\" data-element_type=\"widget\" data-e-type=\"widget\" data-widget_type=\"heading.default\">\n\t\t\t\t<div class=\"elementor-widget-container\">\n\t\t\t\t\t<h3 class=\"elementor-heading-title elementor-size-default\">Drunvalo y mi trabajo<\/h3>\t\t\t\t<\/div>\n\t\t\t\t<\/div>\n\t\t\t\t<\/div>\n\t\t<div class=\"elementor-element elementor-element-bb46862 e-con-full e-flex e-con e-child\" data-id=\"bb46862\" data-element_type=\"container\" data-e-type=\"container\">\n\t\t<div class=\"elementor-element elementor-element-8776b86 e-con-full e-flex e-con e-child\" data-id=\"8776b86\" data-element_type=\"container\" data-e-type=\"container\">\n\t\t\t\t<div class=\"elementor-element elementor-element-61b1dd4 elementor-widget__width-inherit elementor-widget elementor-widget-text-editor\" data-id=\"61b1dd4\" data-element_type=\"widget\" data-e-type=\"widget\" data-widget_type=\"text-editor.default\">\n\t\t\t\t<div class=\"elementor-widget-container\">\n\t\t\t\t\t\t\t\t\t<p>Todas las piezas encajaron cuando descubr\u00ed el trabajo de Drunvalo Melchizedek. A trav\u00e9s de sus m\u00e9todos aprend\u00ed a trabajar con mis propios campos energ\u00e9ticos. Esto me dio mucha m\u00e1s energ\u00eda y claridad, y despert\u00f3 en m\u00ed un profundo entusiasmo. Viaj\u00e9 a Arizona para formarme directamente con \u00e9l y me convert\u00ed en maestra de campos energ\u00e9ticos.<br \/>Desde 1995 trabajo a tiempo completo como maestra Merkaba y he acompa\u00f1ado a miles de personas.<\/p>\t\t\t\t\t\t\t\t<\/div>\n\t\t\t\t<\/div>\n\t\t\t\t<div class=\"elementor-element elementor-element-6cada49 elementor-widget__width-initial elementor-widget elementor-widget-image\" data-id=\"6cada49\" data-element_type=\"widget\" data-e-type=\"widget\" data-widget_type=\"image.default\">\n\t\t\t\t<div class=\"elementor-widget-container\">\n\t\t\t\t\t\t\t\t\t\t\t\t<figure class=\"wp-caption\">\n\t\t\t\t\t\t\t\t\t\t<img fetchpriority=\"high\" decoding=\"async\" width=\"600\" height=\"433\" src=\"https:\/\/merkabalight.com\/es\/wp-content\/uploads\/2023\/11\/NL-Drunvalo-Johanna-20200408_600_tg.jpg\" class=\"attachment-large size-large wp-image-5381\" alt=\"\" srcset=\"https:\/\/merkabalight.com\/es\/wp-content\/uploads\/2023\/11\/NL-Drunvalo-Johanna-20200408_600_tg.jpg 600w, https:\/\/merkabalight.com\/es\/wp-content\/uploads\/2023\/11\/NL-Drunvalo-Johanna-20200408_600_tg-300x217.jpg 300w\" sizes=\"(max-width: 600px) 100vw, 600px\" \/>\t\t\t\t\t\t\t\t\t\t\t<figcaption class=\"widget-image-caption wp-caption-text\">Drunvalo Melchizedek y yo<\/figcaption>\n\t\t\t\t\t\t\t\t\t\t<\/figure>\n\t\t\t\t\t\t\t\t\t<\/div>\n\t\t\t\t<\/div>\n\t\t\t\t<div class=\"elementor-element elementor-element-f455b6e elementor-widget elementor-widget-text-editor\" data-id=\"f455b6e\" data-element_type=\"widget\" data-e-type=\"widget\" data-widget_type=\"text-editor.default\">\n\t\t\t\t<div class=\"elementor-widget-container\">\n\t\t\t\t\t\t\t\t\t<p>Desde el inicio de mi camino he trabajado como pionera. He llevado el conocimiento de la Merkaba a pa\u00edses y regiones donde todav\u00eda era completamente desconocido, como Argentina, Chile, Paraguay, Turqu\u00eda, los Pa\u00edses Bajos, B\u00e9lgica y Espa\u00f1a, donde vivo desde hace dos a\u00f1os. Siempre me ha guiado el deseo de abrir nuevos caminos y sembrar consciencia all\u00ed donde a\u00fan no hab\u00eda<\/p>\t\t\t\t\t\t\t\t<\/div>\n\t\t\t\t<\/div>\n\t\t\t\t<div class=\"elementor-element elementor-element-5811460 elementor-widget elementor-widget-image\" data-id=\"5811460\" data-element_type=\"widget\" data-e-type=\"widget\" data-widget_type=\"image.default\">\n\t\t\t\t<div class=\"elementor-widget-container\">\n\t\t\t\t\t\t\t\t\t\t\t\t<figure class=\"wp-caption\">\n\t\t\t\t\t\t\t\t\t\t<img decoding=\"async\" width=\"720\" height=\"362\" src=\"https:\/\/merkabalight.com\/es\/wp-content\/uploads\/2023\/12\/00-Teachers-Drunvalo-bij-Drunvalo.jpeg\" class=\"attachment-large size-large wp-image-5692\" alt=\"\" srcset=\"https:\/\/merkabalight.com\/es\/wp-content\/uploads\/2023\/12\/00-Teachers-Drunvalo-bij-Drunvalo.jpeg 720w, https:\/\/merkabalight.com\/es\/wp-content\/uploads\/2023\/12\/00-Teachers-Drunvalo-bij-Drunvalo-300x151.jpeg 300w\" sizes=\"(max-width: 720px) 100vw, 720px\" \/>\t\t\t\t\t\t\t\t\t\t\t<figcaption class=\"widget-image-caption wp-caption-text\">Encuentro de los facilitadores del Merkaba<\/figcaption>\n\t\t\t\t\t\t\t\t\t\t<\/figure>\n\t\t\t\t\t\t\t\t\t<\/div>\n\t\t\t\t<\/div>\n\t\t\t\t<\/div>\n\t\t\t\t<\/div>\n\t\t\t\t<\/div>\n\t\t<div class=\"elementor-element elementor-element-45aa366 e-con-full e-flex e-con e-child\" data-id=\"45aa366\" data-element_type=\"container\" data-e-type=\"container\">\n\t\t<div class=\"elementor-element elementor-element-f6ae336 e-con-full e-flex e-con e-child\" data-id=\"f6ae336\" data-element_type=\"container\" data-e-type=\"container\" data-settings=\"{&quot;background_background&quot;:&quot;gradient&quot;}\">\n\t\t\t\t<div class=\"elementor-element elementor-element-81f0f3a elementor-widget elementor-widget-heading\" data-id=\"81f0f3a\" data-element_type=\"widget\" data-e-type=\"widget\" data-widget_type=\"heading.default\">\n\t\t\t\t<div class=\"elementor-widget-container\">\n\t\t\t\t\t<h3 class=\"elementor-heading-title elementor-size-default\">Algo personal<\/h3>\t\t\t\t<\/div>\n\t\t\t\t<\/div>\n\t\t\t\t<\/div>\n\t\t\t\t<div class=\"elementor-element elementor-element-bcff9b1 elementor-widget elementor-widget-text-editor\" data-id=\"bcff9b1\" data-element_type=\"widget\" data-e-type=\"widget\" data-widget_type=\"text-editor.default\">\n\t\t\t\t<div class=\"elementor-widget-container\">\n\t\t\t\t\t\t\t\t\t<p>Soy una persona alegre, con sentido del humor y una gran capacidad para gestionar mi energ\u00eda y disfrutar plenamente de la vida. De mi segundo matrimonio, con un m\u00e9dico argentino, naci\u00f3 un hijo maravilloso que me ense\u00f1\u00f3 el significado del amor incondicional. Tambi\u00e9n soy abuela, y mi nieta es una fuente constante de inspiraci\u00f3n.<\/p>\n<p>En los \u00faltimos a\u00f1os he despedido a muchas personas queridas. Este contacto cercano con la muerte me llev\u00f3 a preguntarme qu\u00e9 deseo seguir aportando al mundo. De ah\u00ed naci\u00f3 <em>OptimizarTuEnerg\u00eda<\/em>, una serie de v\u00eddeos accesibles para todos, donde comparto todo mi conocimiento sobre el\/la Merkaba.<\/p>\t\t\t\t\t\t\t\t<\/div>\n\t\t\t\t<\/div>\n\t\t\t\t<\/div>\n\t\t<div class=\"elementor-element elementor-element-2631ac9 e-con-full e-flex e-con e-child\" data-id=\"2631ac9\" data-element_type=\"container\" data-e-type=\"container\">\n\t\t<div class=\"elementor-element elementor-element-5e1dc4c e-con-full e-flex e-con e-child\" data-id=\"5e1dc4c\" data-element_type=\"container\" data-e-type=\"container\" data-settings=\"{&quot;background_background&quot;:&quot;gradient&quot;}\">\n\t\t\t\t<div class=\"elementor-element elementor-element-72111da elementor-widget elementor-widget-heading\" data-id=\"72111da\" data-element_type=\"widget\" data-e-type=\"widget\" data-widget_type=\"heading.default\">\n\t\t\t\t<div class=\"elementor-widget-container\">\n\t\t\t\t\t<h3 class=\"elementor-heading-title elementor-size-default\">Serie de videos<\/h3>\t\t\t\t<\/div>\n\t\t\t\t<\/div>\n\t\t\t\t<\/div>\n\t\t\t\t<div class=\"elementor-element elementor-element-72f5833 elementor-widget elementor-widget-text-editor\" data-id=\"72f5833\" data-element_type=\"widget\" data-e-type=\"widget\" data-widget_type=\"text-editor.default\">\n\t\t\t\t<div class=\"elementor-widget-container\">\n\t\t\t\t\t\t\t\t\t<p>A trav\u00e9s de esta p\u00e1gina web te ofrezco la posibilidad de aprender de forma visual y auditiva, desde tu casa y a tu propio ritmo. Mi prop\u00f3sito actual es compartir la informaci\u00f3n valiosa que ha hecho de mi vida una experiencia rica, consciente y plena. Deseo que t\u00fa tambi\u00e9n puedas experimentar la libertad, la felicidad y la paz que he cultivado durante gran parte de mi vida.<\/p>\n<p>No distingo entre trabajo, tiempo libre o vacaciones: mi vida es una combinaci\u00f3n natural de todo ello. Por eso, siempre hay espacio para lo esencial.<\/p>\t\t\t\t\t\t\t\t<\/div>\n\t\t\t\t<\/div>\n\t\t\t\t<\/div>\n\t\t<div class=\"elementor-element elementor-element-7e41180 e-con-full e-flex e-con e-child\" data-id=\"7e41180\" data-element_type=\"container\" data-e-type=\"container\">\n\t\t<div class=\"elementor-element elementor-element-a4fce6b e-con-full e-flex e-con e-child\" data-id=\"a4fce6b\" data-element_type=\"container\" data-e-type=\"container\" data-settings=\"{&quot;background_background&quot;:&quot;gradient&quot;}\">\n\t\t\t\t<div class=\"elementor-element elementor-element-2b7a156 elementor-widget elementor-widget-heading\" data-id=\"2b7a156\" data-element_type=\"widget\" data-e-type=\"widget\" data-widget_type=\"heading.default\">\n\t\t\t\t<div class=\"elementor-widget-container\">\n\t\t\t\t\t<h3 class=\"elementor-heading-title elementor-size-default\">Pagina web<\/h3>\t\t\t\t<\/div>\n\t\t\t\t<\/div>\n\t\t\t\t<\/div>\n\t\t\t\t<div class=\"elementor-element elementor-element-68a6b90 elementor-widget elementor-widget-text-editor\" data-id=\"68a6b90\" data-element_type=\"widget\" data-e-type=\"widget\" data-widget_type=\"text-editor.default\">\n\t\t\t\t<div class=\"elementor-widget-container\">\n\t\t\t\t\t\t\t\t\t<p>Refino y enriquezco este sitio web de manera constante. En forma irregular publico a veces un blog, que puedes encontrar en el men\u00fa.<br \/>Si lo deseas, puedes ponerte en contacto conmigo en cualquier momento a trav\u00e9s del formulario de contacto o por Whatsapp.<\/p>\t\t\t\t\t\t\t\t<\/div>\n\t\t\t\t<\/div>\n\t\t\t\t<\/div>\n\t\t\t\t<\/div>\n\t\t\t\t\t<\/div>\n\t\t\t\t<\/div>\n\t\t<div class=\"elementor-element elementor-element-e619e09 e-flex e-con-boxed e-con e-parent\" data-id=\"e619e09\" data-element_type=\"container\" data-e-type=\"container\">\n\t\t\t\t\t<div class=\"e-con-inner\">\n\t\t<div class=\"elementor-element elementor-element-0303208 e-con-full e-flex e-con e-child\" data-id=\"0303208\" data-element_type=\"container\" data-e-type=\"container\">\n\t\t\t\t<div class=\"elementor-element elementor-element-1203aff elementor-align-center elementor-widget elementor-widget-button\" data-id=\"1203aff\" data-element_type=\"widget\" data-e-type=\"widget\" data-widget_type=\"button.default\">\n\t\t\t\t<div class=\"elementor-widget-container\">\n\t\t\t\t\t\t\t\t\t<div class=\"elementor-button-wrapper\">\n\t\t\t\t\t<a class=\"elementor-button elementor-button-link elementor-size-sm\" href=\"https:\/\/merkabalight.com\/es\/contacto\/\">\n\t\t\t\t\t\t<span class=\"elementor-button-content-wrapper\">\n\t\t\t\t\t\t<span class=\"elementor-button-icon\">\n\t\t\t\t<i aria-hidden=\"true\" class=\"fab fa-whatsapp\"><\/i>\t\t\t<\/span>\n\t\t\t\t\t\t\t\t\t<span class=\"elementor-button-text\">Contactame<\/span>\n\t\t\t\t\t<\/span>\n\t\t\t\t\t<\/a>\n\t\t\t\t<\/div>\n\t\t\t\t\t\t\t\t<\/div>\n\t\t\t\t<\/div>\n\t\t\t\t<\/div>\n\t\t\t\t\t<\/div>\n\t\t\t\t<\/div>\n\t\t\t\t<\/div>\n\t\t","protected":false},"excerpt":{"rendered":"<p>sobre M\u00ed \u00bfQui\u00e9n es Johanna Donna Kleipool? https:\/\/vimeo.com\/720561607 &#8216;Mi pasi\u00f3n es sacar lo mejor de ti y dar lo mejor de m\u00ed. Me inspira profundamente poder marcar una diferencia en tu vida&#8217;. Johanna (Donna) Kleipool Mi juventud Nac\u00ed en \u00c1msterdam en los \u00faltimos d\u00edas de la guerra y fui la primera de siete hermanos.La palabra [&hellip;]<\/p>\n","protected":false},"author":1,"featured_media":94,"parent":0,"menu_order":0,"comment_status":"closed","ping_status":"closed","template":"","meta":{"footnotes":""},"class_list":["post-978","page","type-page","status-publish","has-post-thumbnail","hentry","entry","has-media","owp-thumbs-layout-horizontal","owp-btn-normal","owp-tabs-layout-horizontal","has-no-thumbnails","has-product-nav"],"_links":{"self":[{"href":"https:\/\/merkabalight.com\/es\/wp-json\/wp\/v2\/pages\/978","targetHints":{"allow":["GET"]}}],"collection":[{"href":"https:\/\/merkabalight.com\/es\/wp-json\/wp\/v2\/pages"}],"about":[{"href":"https:\/\/merkabalight.com\/es\/wp-json\/wp\/v2\/types\/page"}],"author":[{"embeddable":true,"href":"https:\/\/merkabalight.com\/es\/wp-json\/wp\/v2\/users\/1"}],"replies":[{"embeddable":true,"href":"https:\/\/merkabalight.com\/es\/wp-json\/wp\/v2\/comments?post=978"}],"version-history":[{"count":0,"href":"https:\/\/merkabalight.com\/es\/wp-json\/wp\/v2\/pages\/978\/revisions"}],"wp:featuredmedia":[{"embeddable":true,"href":"https:\/\/merkabalight.com\/es\/wp-json\/"}],"wp:attachment":[{"href":"https:\/\/merkabalight.com\/es\/wp-json\/wp\/v2\/media?parent=978"}],"curies":[{"name":"wp","href":"https:\/\/api.w.org\/{rel}","templated":true}]}}