{"id":1747,"date":"2025-12-12T13:42:35","date_gmt":"2025-12-12T12:42:35","guid":{"rendered":"https:\/\/stagin2.srvrud.nl\/?post_type=product&#038;p=1747"},"modified":"2026-01-26T21:17:44","modified_gmt":"2026-01-26T20:17:44","slug":"optimizar-tu-energia-todos-los-videos","status":"publish","type":"product","link":"https:\/\/merkabalight.com\/es\/product\/optimizar-tu-energia-todos-los-videos\/","title":{"rendered":"OptimizarTuEnerg\u00eda &#8211; todos los videos (3 meses)"},"content":{"rendered":"\t\t<div data-elementor-type=\"wp-post\" data-elementor-id=\"1747\" class=\"elementor elementor-1747\">\n\t\t\t\t<div class=\"elementor-element elementor-element-650825a e-flex e-con-boxed e-con e-parent\" data-id=\"650825a\" data-element_type=\"container\" data-e-type=\"container\">\n\t\t\t\t\t<div class=\"e-con-inner\">\n\t\t<div class=\"elementor-element elementor-element-a134e5a e-con-full e-flex e-con e-child\" data-id=\"a134e5a\" data-element_type=\"container\" data-e-type=\"container\">\n\t\t\t\t<div class=\"elementor-element elementor-element-a9dc131 elementor-widget elementor-widget-image\" data-id=\"a9dc131\" data-element_type=\"widget\" data-e-type=\"widget\" data-widget_type=\"image.default\">\n\t\t\t\t<div class=\"elementor-widget-container\">\n\t\t\t\t\t\t\t\t\t\t\t\t\t\t\t<img fetchpriority=\"high\" decoding=\"async\" width=\"1000\" height=\"1000\" src=\"https:\/\/merkabalight.com\/es\/wp-content\/uploads\/2018\/03\/Webshop-MYE-all-ES-20220622.jpg\" class=\"attachment-large size-large wp-image-4218\" alt=\"\" srcset=\"https:\/\/merkabalight.com\/es\/wp-content\/uploads\/2018\/03\/Webshop-MYE-all-ES-20220622.jpg 1000w, https:\/\/merkabalight.com\/es\/wp-content\/uploads\/2018\/03\/Webshop-MYE-all-ES-20220622-300x300.jpg 300w, https:\/\/merkabalight.com\/es\/wp-content\/uploads\/2018\/03\/Webshop-MYE-all-ES-20220622-150x150.jpg 150w, https:\/\/merkabalight.com\/es\/wp-content\/uploads\/2018\/03\/Webshop-MYE-all-ES-20220622-768x768.jpg 768w, https:\/\/merkabalight.com\/es\/wp-content\/uploads\/2018\/03\/Webshop-MYE-all-ES-20220622-75x75.jpg 75w, https:\/\/merkabalight.com\/es\/wp-content\/uploads\/2018\/03\/Webshop-MYE-all-ES-20220622-100x100.jpg 100w\" sizes=\"(max-width: 1000px) 100vw, 1000px\" \/>\t\t\t\t\t\t\t\t\t\t\t\t\t\t\t<\/div>\n\t\t\t\t<\/div>\n\t\t\t\t<\/div>\n\t\t\t\t\t<\/div>\n\t\t\t\t<\/div>\n\t\t<div class=\"elementor-element elementor-element-8c6aaa4 e-flex e-con-boxed e-con e-parent\" data-id=\"8c6aaa4\" data-element_type=\"container\" data-e-type=\"container\">\n\t\t\t\t\t<div class=\"e-con-inner\">\n\t\t<div class=\"elementor-element elementor-element-bb10481 e-con-full e-flex e-con e-child\" data-id=\"bb10481\" data-element_type=\"container\" data-e-type=\"container\">\n\t\t<div class=\"elementor-element elementor-element-13c4547 e-con-full e-flex e-con e-child\" data-id=\"13c4547\" data-element_type=\"container\" data-e-type=\"container\">\n\t\t\t\t<div class=\"elementor-element elementor-element-3a981a1 elementor-widget elementor-widget-image\" data-id=\"3a981a1\" data-element_type=\"widget\" data-e-type=\"widget\" data-widget_type=\"image.default\">\n\t\t\t\t<div class=\"elementor-widget-container\">\n\t\t\t\t\t\t\t\t\t\t\t\t\t\t\t<img decoding=\"async\" width=\"80\" height=\"80\" src=\"https:\/\/merkabalight.com\/es\/wp-content\/uploads\/2020\/11\/Bol-wit-80-1.png\" class=\"attachment-thumbnail size-thumbnail wp-image-2799\" alt=\"Esfera Blanca\" srcset=\"https:\/\/merkabalight.com\/es\/wp-content\/uploads\/2020\/11\/Bol-wit-80-1.png 80w, https:\/\/merkabalight.com\/es\/wp-content\/uploads\/2020\/11\/Bol-wit-80-1-75x75.png 75w\" sizes=\"(max-width: 80px) 100vw, 80px\" \/>\t\t\t\t\t\t\t\t\t\t\t\t\t\t\t<\/div>\n\t\t\t\t<\/div>\n\t\t\t\t<\/div>\n\t\t<div class=\"elementor-element elementor-element-bf75d67 e-con-full e-flex e-con e-child\" data-id=\"bf75d67\" data-element_type=\"container\" data-e-type=\"container\">\n\t\t\t\t<div class=\"elementor-element elementor-element-192f228 elementor-widget elementor-widget-heading\" data-id=\"192f228\" data-element_type=\"widget\" data-e-type=\"widget\" data-widget_type=\"heading.default\">\n\t\t\t\t<div class=\"elementor-widget-container\">\n\t\t\t\t\t<h2 class=\"elementor-heading-title elementor-size-default\">Esfera Blanca:<\/h2>\t\t\t\t<\/div>\n\t\t\t\t<\/div>\n\t\t\t\t<\/div>\n\t\t\t\t<\/div>\n\t\t<div class=\"elementor-element elementor-element-cef1681 e-con-full e-flex e-con e-child\" data-id=\"cef1681\" data-element_type=\"container\" data-e-type=\"container\">\n\t\t<div class=\"elementor-element elementor-element-140412a e-con-full e-flex e-con e-child\" data-id=\"140412a\" data-element_type=\"container\" data-e-type=\"container\">\n\t\t\t\t<div class=\"elementor-element elementor-element-5c6e776 elementor-widget elementor-widget-image\" data-id=\"5c6e776\" data-element_type=\"widget\" data-e-type=\"widget\" data-widget_type=\"image.default\">\n\t\t\t\t<div class=\"elementor-widget-container\">\n\t\t\t\t\t\t\t\t\t\t\t\t\t\t\t<img decoding=\"async\" width=\"80\" height=\"80\" src=\"https:\/\/merkabalight.com\/es\/wp-content\/uploads\/2020\/11\/Bol-rood-80-1.png\" class=\"attachment-thumbnail size-thumbnail wp-image-2798\" alt=\"Esfera Roja\" srcset=\"https:\/\/merkabalight.com\/es\/wp-content\/uploads\/2020\/11\/Bol-rood-80-1.png 80w, https:\/\/merkabalight.com\/es\/wp-content\/uploads\/2020\/11\/Bol-rood-80-1-75x75.png 75w\" sizes=\"(max-width: 80px) 100vw, 80px\" \/>\t\t\t\t\t\t\t\t\t\t\t\t\t\t\t<\/div>\n\t\t\t\t<\/div>\n\t\t\t\t<\/div>\n\t\t<div class=\"elementor-element elementor-element-9c52a80 e-con-full e-flex e-con e-child\" data-id=\"9c52a80\" data-element_type=\"container\" data-e-type=\"container\">\n\t\t\t\t<div class=\"elementor-element elementor-element-b58dd14 elementor-widget elementor-widget-heading\" data-id=\"b58dd14\" data-element_type=\"widget\" data-e-type=\"widget\" data-widget_type=\"heading.default\">\n\t\t\t\t<div class=\"elementor-widget-container\">\n\t\t\t\t\t<h2 class=\"elementor-heading-title elementor-size-default\">Esfera Roja:<\/h2>\t\t\t\t<\/div>\n\t\t\t\t<\/div>\n\t\t\t\t<\/div>\n\t\t\t\t<\/div>\n\t\t<div class=\"elementor-element elementor-element-f1c32ff e-con-full e-flex e-con e-child\" data-id=\"f1c32ff\" data-element_type=\"container\" data-e-type=\"container\">\n\t\t\t\t<div class=\"elementor-element elementor-element-808d9fe elementor-widget elementor-widget-text-editor\" data-id=\"808d9fe\" data-element_type=\"widget\" data-e-type=\"widget\" data-widget_type=\"text-editor.default\">\n\t\t\t\t<div class=\"elementor-widget-container\">\n\t\t\t\t\t\t\t\t\t<p>Aprendes a trabajar con tus propios campos Electro-Magn\u00e9ticos (EM). Visualiza la informaci\u00f3n en el cap\u00edtulo Rojo. En la Esfera Roja explico\u00a0mucho c\u00f3mo limpiar tus campos Electro-Magn\u00e9ticos. <br \/><strong><a href=\"https:\/\/www.merkabalight.com\/es\/esfera-roja-info\">Haz un clic para ir a mi regalo para ti.<\/a><\/strong><\/p>\t\t\t\t\t\t\t\t<\/div>\n\t\t\t\t<\/div>\n\t\t\t\t<\/div>\n\t\t<div class=\"elementor-element elementor-element-8ef053e e-con-full e-flex e-con e-child\" data-id=\"8ef053e\" data-element_type=\"container\" data-e-type=\"container\">\n\t\t\t\t<div class=\"elementor-element elementor-element-2bd121b elementor-widget elementor-widget-text-editor\" data-id=\"2bd121b\" data-element_type=\"widget\" data-e-type=\"widget\" data-widget_type=\"text-editor.default\">\n\t\t\t\t<div class=\"elementor-widget-container\">\n\t\t\t\t\t\t\t\t\t<p>explicacion\u00a0<\/p>\t\t\t\t\t\t\t\t<\/div>\n\t\t\t\t<\/div>\n\t\t\t\t<\/div>\n\t\t<div class=\"elementor-element elementor-element-8beae58 e-con-full e-flex e-con e-child\" data-id=\"8beae58\" data-element_type=\"container\" data-e-type=\"container\">\n\t\t<div class=\"elementor-element elementor-element-c4b4369 e-con-full e-flex e-con e-child\" data-id=\"c4b4369\" data-element_type=\"container\" data-e-type=\"container\">\n\t\t\t\t<div class=\"elementor-element elementor-element-5d5ea49 elementor-widget elementor-widget-image\" data-id=\"5d5ea49\" data-element_type=\"widget\" data-e-type=\"widget\" data-widget_type=\"image.default\">\n\t\t\t\t<div class=\"elementor-widget-container\">\n\t\t\t\t\t\t\t\t\t\t\t\t\t\t\t<img loading=\"lazy\" decoding=\"async\" width=\"80\" height=\"80\" src=\"https:\/\/merkabalight.com\/es\/wp-content\/uploads\/2020\/11\/Bol-blauw-80-1.png\" class=\"attachment-thumbnail size-thumbnail wp-image-2796\" alt=\"Esfera Azul\" srcset=\"https:\/\/merkabalight.com\/es\/wp-content\/uploads\/2020\/11\/Bol-blauw-80-1.png 80w, https:\/\/merkabalight.com\/es\/wp-content\/uploads\/2020\/11\/Bol-blauw-80-1-75x75.png 75w\" sizes=\"(max-width: 80px) 100vw, 80px\" \/>\t\t\t\t\t\t\t\t\t\t\t\t\t\t\t<\/div>\n\t\t\t\t<\/div>\n\t\t\t\t<\/div>\n\t\t<div class=\"elementor-element elementor-element-09a5033 e-con-full e-flex e-con e-child\" data-id=\"09a5033\" data-element_type=\"container\" data-e-type=\"container\">\n\t\t\t\t<div class=\"elementor-element elementor-element-71f5540 elementor-widget elementor-widget-heading\" data-id=\"71f5540\" data-element_type=\"widget\" data-e-type=\"widget\" data-widget_type=\"heading.default\">\n\t\t\t\t<div class=\"elementor-widget-container\">\n\t\t\t\t\t<h2 class=\"elementor-heading-title elementor-size-default\">Esfera Azul:<\/h2>\t\t\t\t<\/div>\n\t\t\t\t<\/div>\n\t\t\t\t<\/div>\n\t\t\t\t<\/div>\n\t\t<div class=\"elementor-element elementor-element-c9de5ac e-con-full e-flex e-con e-child\" data-id=\"c9de5ac\" data-element_type=\"container\" data-e-type=\"container\">\n\t\t<div class=\"elementor-element elementor-element-d89e56f e-con-full e-flex e-con e-child\" data-id=\"d89e56f\" data-element_type=\"container\" data-e-type=\"container\">\n\t\t\t\t<div class=\"elementor-element elementor-element-b075817 elementor-widget elementor-widget-text-editor\" data-id=\"b075817\" data-element_type=\"widget\" data-e-type=\"widget\" data-widget_type=\"text-editor.default\">\n\t\t\t\t<div class=\"elementor-widget-container\">\n\t\t\t\t\t\t\t\t\t<p>Aprendes c\u00f3mo proporcionar energ\u00eda a tus campos Electro-Magn\u00e9ticos (EM) para tener una frecuencia tan alta que las bajas energ\u00edas no te perturben. <br \/>Te explico c\u00f3mo generar mucha energ\u00eda vital y crear dos &#8216;tanques de combustible&#8217; para no ser agotada tan r\u00e1pidamente. Si eres muy sensible, tu entorno ya no te molestar\u00e1.<\/p><p>Aprendes c\u00f3mo proporcionar energ\u00eda a tus campos Electro-Magn\u00e9ticos (EM) para tener una frecuencia tan alta que las bajas energ\u00edas no te perturben. <br \/>Te explico c\u00f3mo generar mucha energ\u00eda vital y crear dos &#8216;tanques de combustible&#8217; para no ser agotada tan r\u00e1pidamente. Si eres muy sensible, tu entorno ya no te molestar\u00e1.<\/p>\t\t\t\t\t\t\t\t<\/div>\n\t\t\t\t<\/div>\n\t\t\t\t<\/div>\n\t\t\t\t<\/div>\n\t\t<div class=\"elementor-element elementor-element-00704fb e-con-full e-flex e-con e-child\" data-id=\"00704fb\" data-element_type=\"container\" data-e-type=\"container\">\n\t\t<div class=\"elementor-element elementor-element-e905291 e-con-full e-flex e-con e-child\" data-id=\"e905291\" data-element_type=\"container\" data-e-type=\"container\">\n\t\t\t\t<div class=\"elementor-element elementor-element-cf1bbf9 elementor-widget elementor-widget-image\" data-id=\"cf1bbf9\" data-element_type=\"widget\" data-e-type=\"widget\" data-widget_type=\"image.default\">\n\t\t\t\t<div class=\"elementor-widget-container\">\n\t\t\t\t\t\t\t\t\t\t\t\t\t\t\t<img loading=\"lazy\" decoding=\"async\" width=\"80\" height=\"80\" src=\"https:\/\/merkabalight.com\/es\/wp-content\/uploads\/2020\/11\/Bol-geel-80-1.png\" class=\"attachment-thumbnail size-thumbnail wp-image-2797\" alt=\"Esfera Amarilla\" srcset=\"https:\/\/merkabalight.com\/es\/wp-content\/uploads\/2020\/11\/Bol-geel-80-1.png 80w, https:\/\/merkabalight.com\/es\/wp-content\/uploads\/2020\/11\/Bol-geel-80-1-75x75.png 75w\" sizes=\"(max-width: 80px) 100vw, 80px\" \/>\t\t\t\t\t\t\t\t\t\t\t\t\t\t\t<\/div>\n\t\t\t\t<\/div>\n\t\t\t\t<\/div>\n\t\t<div class=\"elementor-element elementor-element-76f818e e-con-full e-flex e-con e-child\" data-id=\"76f818e\" data-element_type=\"container\" data-e-type=\"container\">\n\t\t\t\t<div class=\"elementor-element elementor-element-df54acd elementor-widget elementor-widget-heading\" data-id=\"df54acd\" data-element_type=\"widget\" data-e-type=\"widget\" data-widget_type=\"heading.default\">\n\t\t\t\t<div class=\"elementor-widget-container\">\n\t\t\t\t\t<h2 class=\"elementor-heading-title elementor-size-default\">Esfera Amarillo:<\/h2>\t\t\t\t<\/div>\n\t\t\t\t<\/div>\n\t\t\t\t<\/div>\n\t\t\t\t<\/div>\n\t\t<div class=\"elementor-element elementor-element-7f65ac0 e-con-full e-flex e-con e-child\" data-id=\"7f65ac0\" data-element_type=\"container\" data-e-type=\"container\">\n\t\t<div class=\"elementor-element elementor-element-baa007c e-con-full e-flex e-con e-child\" data-id=\"baa007c\" data-element_type=\"container\" data-e-type=\"container\">\n\t\t\t\t<div class=\"elementor-element elementor-element-93771b6 elementor-widget elementor-widget-text-editor\" data-id=\"93771b6\" data-element_type=\"widget\" data-e-type=\"widget\" data-widget_type=\"text-editor.default\">\n\t\t\t\t<div class=\"elementor-widget-container\">\n\t\t\t\t\t\t\t\t\t<p>Aprendes a ejecutar tus campos Electro-Magn\u00e9ticos y a activar tu Merkaba*. <br \/>Con ello, tus campos EM han alcanzado una frecuencia a\u00fan m\u00e1s elevada que las energ\u00edas bajas no te molestan. As\u00ed podr\u00e1s trabajar relajadamente en lugares con energ\u00edas muy pesadas tales como hospitales, residencias de ancianos, instituciones sociales.<\/p><p>Aprendes a ejecutar tus campos Electro-Magn\u00e9ticos y a activar tu Merkaba*. <br \/>Con ello, tus campos EM han alcanzado una frecuencia a\u00fan m\u00e1s elevada que las energ\u00edas bajas no te molestan. As\u00ed podr\u00e1s trabajar relajadamente en lugares con energ\u00edas muy pesadas tales como hospitales, residencias de ancianos, instituciones sociales.<\/p>\t\t\t\t\t\t\t\t<\/div>\n\t\t\t\t<\/div>\n\t\t\t\t<\/div>\n\t\t\t\t<\/div>\n\t\t\t\t\t<\/div>\n\t\t\t\t<\/div>\n\t\t<div class=\"elementor-element elementor-element-eeab244 e-flex e-con-boxed e-con e-parent\" data-id=\"eeab244\" data-element_type=\"container\" data-e-type=\"container\">\n\t\t\t\t\t<div class=\"e-con-inner\">\n\t\t\t\t<div class=\"elementor-element elementor-element-6a24471 elementor-widget elementor-widget-text-editor\" data-id=\"6a24471\" data-element_type=\"widget\" data-e-type=\"widget\" data-widget_type=\"text-editor.default\">\n\t\t\t\t<div class=\"elementor-widget-container\">\n\t\t\t\t\t\t\t\t\t<h3><strong>Optimizar tu Energ\u00eda<\/strong><\/h3><p><span class=\"\" lang=\"es\"><span class=\"\">La serie de videos\u00a0<em><strong>Optimizar tu Energ\u00eda<\/strong><\/em>\u00a0te ayudo a activar de forma independiente tu Merkaba y ganar control sobre tus campos energ\u00e9ticos. Tambi\u00e9n aprender\u00e1s lo que puedes hacer con tu Merkaba.<\/span><\/span><\/p><p>Para obtener detalles por m\u00f3dulo, consulte en la barra de men\u00fa: Serie de videos<\/p><h2 class=\"western\"><span style=\"font-family: Calibri, serif;\"><span style=\"color: #1e1e1e;\"><span style=\"font-family: Century Gothic, serif;\"><b>\u00bfPor qu\u00e9 deber\u00edas hacer la serie de videos <\/b><\/span><\/span><span style=\"color: #1e1e1e;\"><span style=\"font-family: Century Gothic, serif;\"><i><b>Optimizar tu Energ\u00eda<\/b><\/i><\/span><\/span><span style=\"color: #1e1e1e;\"><span style=\"font-family: Century Gothic, serif;\"><b>? <\/b><\/span><\/span><\/span><\/h2><ul><li class=\"western\"><span style=\"color: #1e1e1e;\">Los bloqueadores externos (como torres de telefon\u00eda celular, contaminaci\u00f3n, contaminaci\u00f3n ac\u00fastica) ya no le molestar\u00e1n.<\/span><\/li><li class=\"western\"><span style=\"color: #1e1e1e;\">Tendr\u00e1s mucha m\u00e1s energ\u00eda hasta el final del d\u00eda.<\/span><\/li><li class=\"western\"><span style=\"color: #1e1e1e;\">Conservar\u00e1s tu memoria a pesar de los cambios en los campos EM a tu alrededor.<\/span><\/li><li class=\"western\"><span style=\"color: #1e1e1e;\">Puedes usar tu Merkaba para realizar metas y deseos en tu vida.<\/span><\/li><li class=\"western\"><span style=\"color: #1e1e1e;\">Estos videos pueden complementar los cap\u00edtulos 13 y 14 de <em><strong>El Antiguo Secreto de la Flor de la Vida<\/strong><\/em> (escrito por Drunvalo Melchizedek).<\/span><\/li><li class=\"western\"><span style=\"color: #1e1e1e;\">El conocimiento antiguo es mucho m\u00e1s f\u00e1cil de entender en forma de video (con animaciones, im\u00e1genes y audio).<br \/><\/span><span style=\"color: #1e1e1e;\"><span style=\"color: #1e1e1e;\"><span style=\"color: #1e1e1e;\">\u00a1A veces una imagen \u00abdice\u00bb mas que un libro grueso.<\/span><\/span><\/span>Si decides inscribirte en la serie completa de videos, puedes estudiarla con la frecuencia que desees durante 3 meses. Y siempre habr\u00e1 la posibilidad de prolongar tu acceso por otros 3 meses por la mitad del precio.<br \/>Sugiero que ver\u00e1s todos los videos una vez sin tratar de entender todo el contenido.<br \/>Y luego comenzar\u00edas de nuevo desde el m\u00f3dulo Blanco.<a href=\"https:\/\/merkabalight.com\/es\/wp-content\/uploads\/2020\/03\/CAQZS96V-kopie.jpg\"><img loading=\"lazy\" decoding=\"async\" class=\"wp-image-2260 alignleft\" src=\"https:\/\/merkabalight.com\/es\/wp-content\/uploads\/2020\/03\/CAQZS96V-kopie.jpg\" alt=\"Ojo Derecho de Horus\" width=\"302\" height=\"192\" srcset=\"https:\/\/merkabalight.com\/es\/wp-content\/uploads\/2020\/03\/CAQZS96V-kopie.jpg 288w, https:\/\/merkabalight.com\/es\/wp-content\/uploads\/2020\/03\/CAQZS96V-kopie-80x50.jpg 80w, https:\/\/merkabalight.com\/es\/wp-content\/uploads\/2020\/03\/CAQZS96V-kopie-100x64.jpg 100w, https:\/\/merkabalight.com\/es\/wp-content\/uploads\/2020\/03\/CAQZS96V-kopie-150x95.jpg 150w\" sizes=\"(max-width: 302px) 100vw, 302px\" \/><\/a>El conocimiento antiguo del Merkaba se ense\u00f1\u00f3 en Egipto en la \u00e9poca de Agenaton en la Escuela del Ojo Derecho de Horus durante 12 a\u00f1os. Esta escuela estaba destinado solo a unas pocas personas privilegiadas en Egipto.Drunvalo Melchizedek ha vuelto a poner a disposici\u00f3n este conocimiento mediante talleres de 6 d\u00edas, para varios miles de personas.<br \/>Lo he simplificado a\u00fan m\u00e1s, a material de estudio auditivo y visual de casi 4 horas.Ahora es accesible para TODOS, en cualquier parte del mundo, sin escuela.<\/li><\/ul><p style=\"text-align: center;\"><strong>\u00a1No necesitas ning\u00fan conocimiento previo! Es para personas de entre 7 y 97 a\u00f1os.<\/strong><\/p><p style=\"text-align: center;\"><strong>\u00a1Cualquiera puede aprender a activar su Merkaba!<\/strong><\/p><div class=\"su-spoiler-content su-clearfix\">\u00a0<\/div>\t\t\t\t\t\t\t\t<\/div>\n\t\t\t\t<\/div>\n\t\t\t\t\t<\/div>\n\t\t\t\t<\/div>\n\t\t\t\t<\/div>\n\t\t","protected":false},"excerpt":{"rendered":"<h3><strong>Optimizar tu Energ\u00eda<\/strong><\/h3>\n<p>La serie de videos Optimizar tu Energ\u00eda te ayudo a activar de forma independiente tu Merkaba y ganar control sobre tus campos energ\u00e9ticos.<\/p>\n<p><strong>Blanco<\/strong>: Introducci\u00f3n a la serie de videos<\/p>\n<p><strong>Rojo<\/strong>: campos electromagn\u00e9ticos<\/p>\n<p><strong>Azul<\/strong>: respiraci\u00f3n prana<\/p>\n<p><strong>Amarillo<\/strong>: Meditaci\u00f3n Merkaba<\/p>\n","protected":false},"featured_media":6123,"comment_status":"closed","ping_status":"closed","template":"elementor_theme","meta":[],"product_brand":[],"product_cat":[131],"product_tag":[136,137,138,134,152,262,153,154],"class_list":{"0":"post-1747","1":"product","2":"type-product","3":"status-publish","4":"has-post-thumbnail","6":"product_cat-video-serie","7":"product_tag-campos","8":"product_tag-electro","9":"product_tag-magneticos","10":"product_tag-merkaba","11":"product_tag-merkabalight","12":"product_tag-tienda","13":"product_tag-todos","14":"product_tag-video","16":"entry","17":"has-media","19":"first","20":"instock","21":"sale","22":"featured","23":"virtual","24":"sold-individually","25":"taxable","26":"purchasable","27":"product-type-simple","28":"has-product-nav","29":"col","30":"span_1_of_3","31":"owp-content-center","32":"owp-thumbs-layout-horizontal","33":"owp-btn-normal","34":"owp-tabs-layout-horizontal","35":"has-no-thumbnails"},"_links":{"self":[{"href":"https:\/\/merkabalight.com\/es\/wp-json\/wp\/v2\/product\/1747","targetHints":{"allow":["GET"]}}],"collection":[{"href":"https:\/\/merkabalight.com\/es\/wp-json\/wp\/v2\/product"}],"about":[{"href":"https:\/\/merkabalight.com\/es\/wp-json\/wp\/v2\/types\/product"}],"replies":[{"embeddable":true,"href":"https:\/\/merkabalight.com\/es\/wp-json\/wp\/v2\/comments?post=1747"}],"version-history":[{"count":0,"href":"https:\/\/merkabalight.com\/es\/wp-json\/wp\/v2\/product\/1747\/revisions"}],"wp:featuredmedia":[{"embeddable":true,"href":"https:\/\/merkabalight.com\/es\/wp-json\/wp\/v2\/media\/6123"}],"wp:attachment":[{"href":"https:\/\/merkabalight.com\/es\/wp-json\/wp\/v2\/media?parent=1747"}],"wp:term":[{"taxonomy":"product_brand","embeddable":true,"href":"https:\/\/merkabalight.com\/es\/wp-json\/wp\/v2\/product_brand?post=1747"},{"taxonomy":"product_cat","embeddable":true,"href":"https:\/\/merkabalight.com\/es\/wp-json\/wp\/v2\/product_cat?post=1747"},{"taxonomy":"product_tag","embeddable":true,"href":"https:\/\/merkabalight.com\/es\/wp-json\/wp\/v2\/product_tag?post=1747"}],"curies":[{"name":"wp","href":"https:\/\/api.w.org\/{rel}","templated":true}]}}